{"id":13925,"date":"2020-03-11T12:13:35","date_gmt":"2020-03-11T12:13:35","guid":{"rendered":"http:\/\/religionen.biebertaler-bilderbogen.de\/?page_id=9"},"modified":"2020-03-11T12:13:35","modified_gmt":"2020-03-11T12:13:35","slug":"datenschutz-2","status":"publish","type":"page","link":"http:\/\/frankenbach.bibibo.info\/?page_id=13925","title":{"rendered":"Datenschutz"},"content":{"rendered":"\n<p><strong><strong>Datenschutzerkl\u00e4rung<\/strong><\/strong><\/p>\n\n\n\n<p><strong>Grundlegendes<\/strong><\/p>\n\n\n\n<p>Diese\n Datenschutzerkl\u00e4rung soll die Nutzer dieser Website \u00fcber die Art, den \nUmfang und den Zweck der Erhebung und Verwendung personenbezogener Daten\n durch den Websitebetreiber [Ihre Kontaktdaten einf\u00fcgen] informieren.<\/p>\n\n\n\n<p>Der\n Websitebetreiber nimmt Ihren Datenschutz sehr ernst und behandelt Ihre \npersonenbezogenen Daten vertraulich und entsprechend der gesetzlichen \nVorschriften. Da durch neue Technologien und die st\u00e4ndige \nWeiterentwicklung dieser Webseite \u00c4nderungen an dieser \nDatenschutzerkl\u00e4rung vorgenommen werden k\u00f6nnen, empfehlen wir Ihnen sich\n die Datenschutzerkl\u00e4rung in regelm\u00e4\u00dfigen Abst\u00e4nden wieder durchzulesen.<\/p>\n\n\n\n<p>Definitionen der verwendeten Begriffe (z.B. \u201cpersonenbezogene Daten\u201d oder \u201cVerarbeitung\u201d) finden Sie in Art. 4 DSGVO.<\/p>\n\n\n\n<p><strong>Zugriffsdaten<\/strong><\/p>\n\n\n\n<p>Wir,\n der Websitebetreiber bzw. Seitenprovider, erheben aufgrund unseres \nberechtigten Interesses (s. Art. 6 Abs. 1 lit. f. DSGVO) Daten \u00fcber \nZugriffe auf die Website und speichern diese als \u201eServer-Logfiles\u201c auf \ndem Server der Website ab. Folgende Daten werden so protokolliert:<\/p>\n\n\n\n<p>\u2022Besuchte Website<br>\u2022Uhrzeit zum Zeitpunkt des Zugriffes<br>\u2022Menge der gesendeten Daten in Byte<br>\u2022Quelle\/Verweis, von welchem Sie auf die Seite gelangten<br>\u2022Verwendeter Browser<br>\u2022Verwendetes Betriebssystem<br>\u2022Verwendete IP-Adresse<\/p>\n\n\n\n<p>Die\n Server-Logfiles werden f\u00fcr maximal 7 Tage gespeichert und anschlie\u00dfend \ngel\u00f6scht. Die Speicherung der Daten erfolgt aus Sicherheitsgr\u00fcnden, um \nz. B. Missbrauchsf\u00e4lle aufkl\u00e4ren zu k\u00f6nnen. M\u00fcssen Daten aus \nBeweisgr\u00fcnden aufgehoben werden, sind sie solange von der L\u00f6schung \nausgenommen bis der Vorfall endg\u00fcltig gekl\u00e4rt ist.<\/p>\n\n\n\n<p><strong>Reichweitenmessung &amp; Cookies<\/strong><\/p>\n\n\n\n<p>Diese\n Website verwendet Cookies zur pseudonymisierten Reichweitenmessung, die\n entweder von unserem Server oder dem Server Dritter an den Browser des \nNutzers \u00fcbertragen werden. Bei Cookies handelt es sich um kleine \nDateien, welche auf Ihrem Endger\u00e4t gespeichert werden. Ihr Browser \ngreift auf diese Dateien zu. Durch den Einsatz von Cookies erh\u00f6ht sich \ndie Benutzerfreundlichkeit und Sicherheit dieser Website.<br>Falls Sie \nnicht m\u00f6chten, dass Cookies zur Reichweitenmessung auf Ihrem Endger\u00e4t \ngespeichert werden, k\u00f6nnen Sie dem Einsatz dieser Dateien hier \nwidersprechen:<\/p>\n\n\n\n<p>\u2022Cookie-Deaktivierungsseite der Netzwerkwerbeinitiative: http:\/\/optout.networkadvertising.org\/?c=1#!\/<br>\u2022Cookie-Deaktivierungsseite der europ\u00e4ischen Website: http:\/\/optout.networkadvertising.org\/?c=1#!\/<\/p>\n\n\n\n<p>G\u00e4ngige\n Browser bieten die Einstellungsoption, Cookies nicht zuzulassen. \nHinweis: Es ist nicht gew\u00e4hrleistet, dass Sie auf alle Funktionen dieser\n Website ohne Einschr\u00e4nkungen zugreifen k\u00f6nnen, wenn Sie entsprechende \nEinstellungen vornehmen.<\/p>\n\n\n\n<p><strong>Erfassung und Verarbeitung personenbezogener Daten<\/strong><\/p>\n\n\n\n<p>Der\n Websitebetreiber erhebt, nutzt und gibt Ihre personenbezogenen Daten \nnur dann weiter, wenn dies im gesetzlichen Rahmen erlaubt ist oder Sie \nin die Datenerhebung einwilligen.<br>Als personenbezogene Daten gelten \ns\u00e4mtliche Informationen, welche dazu dienen, Ihre Person zu bestimmen \nund welche zu Ihnen zur\u00fcckverfolgt werden k\u00f6nnen \u2013 also beispielsweise \nIhr Name, Ihre E-Mail-Adresse und Telefonnummer.<\/p>\n\n\n\n<p>Diese Website \nk\u00f6nnen Sie auch besuchen, ohne Angaben zu Ihrer Person zu machen. Zur \nVerbesserung unseres Online-Angebotes speichern wir jedoch (ohne \nPersonenbezug) Ihre Zugriffsdaten auf diese Website. Zu diesen \nZugriffsdaten geh\u00f6ren z. B. die von Ihnen angeforderte Datei oder der \nName Ihres Internet-Providers. Durch die Anonymisierung der Daten sind \nR\u00fcckschl\u00fcsse auf Ihre Person nicht m\u00f6glich. <br>Wir verarbeiten und \nspeichern dauerhaft keine personenbezogenen Daten wie Vorname, Nachname,\n IP-Adresse, E-Mail-Adresse, Wohnort, Postleitzahl. <\/p>\n\n\n\n<p><strong>Umgang mit Kontaktdaten<\/strong><\/p>\n\n\n\n<p>Nehmen\n Sie mit uns als Websitebetreiber durch die angebotenen \nKontaktm\u00f6glichkeiten Verbindung auf, werden Ihre Angaben gespeichert, \ndamit auf diese zur Bearbeitung und Beantwortung Ihrer Anfrage \nzur\u00fcckgegriffen werden kann. Ohne Ihre Einwilligung werden diese Daten \nnicht an Dritte weitergegeben.<\/p>\n\n\n\n<p><strong>Umgang mit Kommentaren und Beitr\u00e4gen<\/strong><\/p>\n\n\n\n<p>Hinterlassen\n Sie auf dieser Website einen Beitrag oder Kommentar, wird Ihre \nIP-Adresse gespeichert. Dies erfolgt aufgrund unserer berechtigten \nInteressen im Sinne des Art. 6 Abs. 1 lit. f. DSGVO und dient der \nSicherheit von uns als Websitebetreiber: Denn sollte Ihr Kommentar gegen\n geltendes Recht versto\u00dfen, k\u00f6nnen wir daf\u00fcr belangt werden, weshalb wir\n ein Interesse an der Identit\u00e4t des Kommentar- bzw. Beitragsautors \nhaben.<\/p>\n\n\n\n<p><strong>Google Analytics<\/strong><\/p>\n\n\n\n<p>Diese Website nutzt aufgrund \nunserer berechtigten Interessen zur Optimierung und Analyse unseres \nOnline-Angebots im Sinne des Art. 6 Abs. 1 lit. f. DSGVO den Dienst \n\u201eGoogle Analytics\u201c, welcher von der Google Inc. (1600 Amphitheatre \nParkway Mountain View, CA 94043, USA) angeboten wird. Der Dienst (Google\n Analytics) verwendet \u201eCookies\u201c \u2013 Textdateien, welche auf Ihrem Endger\u00e4t\n gespeichert werden. Die durch die Cookies gesammelten Informationen \nwerden im Regelfall an einen Google-Server in den USA gesandt und dort \ngespeichert.<\/p>\n\n\n\n<p>Google LLC h\u00e4lt das europ\u00e4ische Datenschutzrecht ein\n und ist unter dem Privacy-Shield-Abkommen zertifiziert: \nhttps:\/\/www.privacyshield.gov\/participant?id=a2zt000000001L5AAI&amp;status=Active<\/p>\n\n\n\n<p>Auf\n dieser Website greift die IP-Anonymisierung. Die IP-Adresse der Nutzer \nwird innerhalb der Mitgliedsstaaten der EU und des Europ\u00e4ischen \nWirtschaftsraum und in den anderen Vertragsstaaten des Abkommens \ngek\u00fcrzt. Nur in Einzelf\u00e4llen wird die IP-Adresse zun\u00e4chst ungek\u00fcrzt in \ndie USA an einen Server von Google \u00fcbertragen und dort gek\u00fcrzt. Durch \ndiese K\u00fcrzung entf\u00e4llt der Personenbezug Ihrer IP-Adresse. Die vom \nBrowser \u00fcbermittelte IP-Adresse des Nutzers wird nicht mit anderen von \nGoogle gespeicherten Daten kombiniert.<\/p>\n\n\n\n<p>Im Rahmen der Vereinbarung\n zur Auftragsdatenvereinbarung, welche wir als Websitebetreiber mit der \nGoogle Inc. geschlossen haben, erstellt diese mithilfe der gesammelten \nInformationen eine Auswertung der Websitenutzung und der \nWebsiteaktivit\u00e4t und erbringt mit der Internetnutzung verbundene \nDienstleistungen.<\/p>\n\n\n\n<p>Die von Google in unserem Auftrag erhobenen \nDaten werden genutzt, um die Nutzung unseres Online-Angebots durch die \neinzelnen Nutzer auswerten zu k\u00f6nnen, z. B. um Reports \u00fcber die \nAktivit\u00e4t auf der Website zu erstellen, um unser Online-Angebot zu \nverbessern.<\/p>\n\n\n\n<p>Sie haben die M\u00f6glichkeit, die Speicherung der \nCookies auf Ihrem Ger\u00e4t zu verhindern, indem Sie in Ihrem Browser \nentsprechende Einstellungen vornehmen. Es ist nicht gew\u00e4hrleistet, dass \nSie auf alle Funktionen dieser Website ohne Einschr\u00e4nkungen zugreifen \nk\u00f6nnen, wenn Ihr Browser keine Cookies zul\u00e4sst.<\/p>\n\n\n\n<p>Weiterhin k\u00f6nnen \nSie durch ein Browser-Plugin verhindern, dass die durch Cookies \ngesammelten Informationen (inklusive Ihrer IP-Adresse) an die Google \nInc. gesendet und von der Google Inc. genutzt werden. Folgender Link \nf\u00fchrt Sie zu dem entsprechenden Plugin: \nhttps:\/\/tools.google.com\/dlpage\/gaoptout?hl=de<\/p>\n\n\n\n<p>Alternativ \nverhindern Sie mit einem Klick auf diesen Link (WICHTIG: Opt-Out-Link \neinf\u00fcgen), dass Google Analytics innerhalb dieser Website Daten \u00fcber Sie\n erfasst. Mit dem Klick auf obigen Link laden Sie ein \u201eOpt-Out-Cookie\u201c \nherunter. Ihr Browser muss die Speicherung von Cookies also hierzu \ngrunds\u00e4tzlich erlauben. L\u00f6schen Sie Ihre Cookies regelm\u00e4\u00dfig, ist ein \nerneuter Klick auf den Link bei jedem Besuch dieser Website vonn\u00f6ten.<\/p>\n\n\n\n<p>Hier finden Sie weitere Informationen zur Datennutzung durch die Google Inc.: <\/p>\n\n\n\n<p>\u2022https:\/\/policies.google.com\/privacy\/partners?hl=de (Daten, die von Google-Partnern erhoben werden)<br>\u2022https:\/\/adssettings.google.de\/authenticated (Einstellungen \u00fcber Werbung, die Ihnen angezeigt wird)<br>\u2022https:\/\/policies.google.com\/technologies\/ads?hl=de (Verwendung von Cookies in Anzeigen)<\/p>\n\n\n\n<p><strong>Nutzung von Social-Media-Plugins von Facebook<\/strong><\/p>\n\n\n\n<p>Aufgrund\n unseres berechtigten Interesses an der Analyse, Optimierung und dem \nBetrieb unseres Online-Angebotes (im Sinne des Art. 6 Abs. 1 lit. f. \nDSGVO), verwendet diese Website das Facebook-Social-Plugin, welches von \nder Facebook Inc. (1 Hacker Way, Menlo Park, California 94025, USA) \nbetrieben wird. Erkennbar sind die Einbindungen an dem Facebook-Logo \nbzw. an den Begriffen \u201eLike\u201c, \u201eGef\u00e4llt mir\u201c, \u201eTeilen\u201c in den Farben \nFacebooks (Blau und Wei\u00df). Informationen zu allen Facebook-Plugins \nfinden Sie \u00fcber den folgenden Link: \nhttps:\/\/developers.facebook.com\/docs\/plugins\/<\/p>\n\n\n\n<p>Facebook Inc. h\u00e4lt \ndas europ\u00e4ische Datenschutzrecht ein und ist unter dem \nPrivacy-Shield-Abkommen zertifiziert: \nhttps:\/\/www.privacyshield.gov\/participant?id=a2zt0000000GnywAAC&amp;status=Active<\/p>\n\n\n\n<p>Das\n Plugin stellt eine direkte Verbindung zwischen Ihrem Browser und den \nFacebook-Servern her. Der Websitebetreiber hat keinerlei Einfluss auf \ndie Natur und den Umfang der Daten, welche das Plugin an die Server der \nFacebook Inc. \u00fcbermittelt. Informationen dazu finden Sie hier: \nhttps:\/\/www.facebook.com\/help\/186325668085084<\/p>\n\n\n\n<p>Das Plugin \ninformiert die Facebook Inc. dar\u00fcber, dass Sie als Nutzer diese Website \nbesucht haben. Es besteht hierbei die M\u00f6glichkeit, dass Ihre IP-Adresse \ngespeichert wird. Sind Sie w\u00e4hrend des Besuchs auf dieser Website in \nIhrem Facebook-Konto eingeloggt, werden die genannten Informationen mit \ndiesem verkn\u00fcpft.<\/p>\n\n\n\n<p>Nutzen Sie die Funktionen des Plugins \u2013 etwa \nindem Sie einen Beitrag teilen oder \u201eliken\u201c \u2013, werden die entsprechenden\n Informationen ebenfalls an die Facebook Inc. \u00fcbermittelt.<br>M\u00f6chten \nSie verhindern, dass die Facebook. Inc. diese Daten mit Ihrem \nFacebook-Konto verkn\u00fcpft, loggen Sie sich bitte vor dem Besuch dieser \nWebsite bei Facebook aus und l\u00f6schen Sie die gespeicherten Cookies. \u00dcber\n Ihr Facebook-Profil k\u00f6nnen Sie weitere Einstellungen zur \nDatenverarbeitung f\u00fcr Werbezwecke t\u00e4tigen oder der Nutzung Ihrer Daten \nf\u00fcr Werbezwecke widersprechen. Zu den Einstellungen gelangen Sie hier: <\/p>\n\n\n\n<p>\u2022Profileinstellungen bei Facebook: https:\/\/www.facebook.com\/ads\/preferences\/?entry_product=ad_settings_screen<br>\u2022Cookie-Deaktivierungsseite der US-amerikanischen Website: http:\/\/optout.aboutads.info\/?c=2#!\/<br>\u2022Cookie-Deaktivierungsseite der europ\u00e4ischen Website: http:\/\/optout.networkadvertising.org\/?c=1#!\/<\/p>\n\n\n\n<p>Welche\n Daten, zu welchem Zweck und in welchem Umfang Facebook Daten erhebt, \nnutzt und verarbeitet und welche Rechte sowie Einstellungsm\u00f6glichkeiten \nSie zum Schutz Ihrer Privatsph\u00e4re haben, k\u00f6nnen Sie in den \nDatenschutzrichtlinien von Facebook nachlesen. Diese finden Sie hier: \nhttps:\/\/www.facebook.com\/about\/privacy\/ <\/p>\n\n\n\n<p><strong>Newsletter-Abonnement<\/strong><\/p>\n\n\n\n<p>Der Websitebetreiber bietet Ihnen keinen Newsletter an. <\/p>\n\n\n\n<p><strong>Rechte des Nutzers<\/strong><\/p>\n\n\n\n<p>Sie\n haben als Nutzer das Recht, auf Antrag eine kostenlose Auskunft dar\u00fcber\n zu erhalten, welche personenbezogenen Daten \u00fcber Sie gespeichert \nwurden. Sie haben au\u00dferdem das Recht auf Berichtigung falscher Daten und\n auf die Verarbeitungseinschr\u00e4nkung oder L\u00f6schung Ihrer \npersonenbezogenen Daten. Falls zutreffend, k\u00f6nnen Sie auch Ihr Recht auf\n Datenportabilit\u00e4t geltend machen. Sollten Sie annehmen, dass Ihre Daten\n unrechtm\u00e4\u00dfig verarbeitet wurden, k\u00f6nnen Sie eine Beschwerde bei der \nzust\u00e4ndigen Aufsichtsbeh\u00f6rde einreichen.<\/p>\n\n\n\n<p><strong>L\u00f6schung von Daten<\/strong><\/p>\n\n\n\n<p>Sofern\n Ihr Wunsch nicht mit einer gesetzlichen Pflicht zur Aufbewahrung von \nDaten (z. B. Vorratsdatenspeicherung) kollidiert, haben Sie ein Anrecht \nauf L\u00f6schung Ihrer Daten. Von uns gespeicherte Daten werden, sollten sie\n f\u00fcr ihre Zweckbestimmung nicht mehr vonn\u00f6ten sein und es keine \ngesetzlichen Aufbewahrungsfristen geben, gel\u00f6scht. Falls eine L\u00f6schung \nnicht durchgef\u00fchrt werden kann, da die Daten f\u00fcr zul\u00e4ssige gesetzliche \nZwecke erforderlich sind, erfolgt eine Einschr\u00e4nkung der \nDatenverarbeitung. In diesem Fall werden die Daten gesperrt und nicht \nf\u00fcr andere Zwecke verarbeitet.<\/p>\n\n\n\n<p><strong>Widerspruchsrecht<\/strong><\/p>\n\n\n\n<p>Nutzer \ndieser Webseite k\u00f6nnen von ihrem Widerspruchsrecht Gebrauch machen und \nder Verarbeitung ihrer personenbezogenen Daten zu jeder Zeit \nwidersprechen. <\/p>\n\n\n\n<p>Wenn Sie eine Berichtigung, Sperrung, L\u00f6schung  oder Auskunft \u00fcber die zu Ihrer Person gespeicherten personenbezogenen  Daten w\u00fcnschen oder Fragen bzgl. der Erhebung, Verarbeitung oder  Verwendung Ihrer personenbezogenen Daten haben oder erteilte  Einwilligungen widerrufen m\u00f6chten, wenden Sie sich bitte an folgende  E-<strong>Mail-Adresse: winfried.senger@gmail.com <\/strong><\/p>\n<div class=\"gsp_post_data\" \r\n\t            data-post_type=\"page\" \r\n\t            data-cat=\"\" \r\n\t            data-modified=\"120\"\r\n\t            data-created=\"1583928815\"\r\n\t            data-title=\"Datenschutz\" \r\n\t            data-home=\"http:\/\/frankenbach.bibibo.info\"><\/div>","protected":false},"excerpt":{"rendered":"<p>Datenschutzerkl\u00e4rung Grundlegendes Diese Datenschutzerkl\u00e4rung soll die Nutzer dieser Website \u00fcber die Art, den Umfang und den Zweck der Erhebung und Verwendung personenbezogener Daten durch den Websitebetreiber [Ihre Kontaktdaten einf\u00fcgen] informieren. Der Websitebetreiber nimmt Ihren Datenschutz sehr ernst und behandelt Ihre personenbezogenen Daten vertraulich und entsprechend der gesetzlichen Vorschriften. Da durch neue Technologien und die st\u00e4ndige [&hellip;]<\/p>\n","protected":false},"author":1,"featured_media":0,"parent":0,"menu_order":0,"comment_status":"closed","ping_status":"closed","template":"","meta":{"footnotes":""},"class_list":["post-13925","page","type-page","status-publish","hentry"],"_links":{"self":[{"href":"http:\/\/frankenbach.bibibo.info\/index.php?rest_route=\/wp\/v2\/pages\/13925","targetHints":{"allow":["GET"]}}],"collection":[{"href":"http:\/\/frankenbach.bibibo.info\/index.php?rest_route=\/wp\/v2\/pages"}],"about":[{"href":"http:\/\/frankenbach.bibibo.info\/index.php?rest_route=\/wp\/v2\/types\/page"}],"author":[{"embeddable":true,"href":"http:\/\/frankenbach.bibibo.info\/index.php?rest_route=\/wp\/v2\/users\/1"}],"replies":[{"embeddable":true,"href":"http:\/\/frankenbach.bibibo.info\/index.php?rest_route=%2Fwp%2Fv2%2Fcomments&post=13925"}],"version-history":[{"count":0,"href":"http:\/\/frankenbach.bibibo.info\/index.php?rest_route=\/wp\/v2\/pages\/13925\/revisions"}],"wp:attachment":[{"href":"http:\/\/frankenbach.bibibo.info\/index.php?rest_route=%2Fwp%2Fv2%2Fmedia&parent=13925"}],"curies":[{"name":"wp","href":"https:\/\/api.w.org\/{rel}","templated":true}]}}