{"id":13929,"date":"2020-05-20T18:07:22","date_gmt":"2020-05-20T16:07:22","guid":{"rendered":"http:\/\/religionen.biebertaler-bilderbogen.de\/?page_id=466"},"modified":"2023-10-12T11:42:26","modified_gmt":"2023-10-12T09:42:26","slug":"sonstiges","status":"publish","type":"page","link":"http:\/\/frankenbach.bibibo.info\/?page_id=13929","title":{"rendered":"Sonstiges Informationen"},"content":{"rendered":"\n<p>Ausf\u00fchrliche Informationen zu den Angeboten der FeG-Frankenbach findet man unter<br> <a rel=\"noreferrer noopener\" href=\"https:\/\/www.feg-frankenbach.de\/\" target=\"_blank\"><strong>https:\/\/www.feg-frankenbach.de\/<\/strong><\/a><\/p>\n\n\n\n<p><strong><em>Gottesdienste:<\/em><\/strong><br>Jeden Sonntag treffen wir uns um 10.00Uhr um Gemeinschaft zu haben, Gott zu loben und auf sein Wort zu h\u00f6ren. Predigt, Lobpreis und Gebet sind zentrale Elemente, die sich jede Woche wiederfinden. Jedoch gibt es auch hier immer mal wieder Besonderheiten, die unsere Gemeinde lebendig halten. Einmal im Monat feiern wir gemeinsam Abendmahl, aber auch Gemeindeaufnahmen, Kindersegnungen oder Taufen finden ihren Platz in unserem Gottesdienst.<\/p>\n\n\n\n<p><strong><em>Kindergottesdienst:<\/em><\/strong><br>Frankenbach hat wieder einen Kindergottesdienst. F\u00fcr Kinder im Altersschwerpunkt von 3-7 Jahren gestalten engagierte Mitarbeiter ein altersspezifisches Programm, indem biblische Geschichten geh\u00f6rt werden, gesungen und gelacht wird, es an Spiel und Spa\u00df nicht mangelt.<\/p>\n\n\n\n<p><strong><em>\u201eDIE PIEPM\u00c4TZE\u201c:<\/em><\/strong><\/p>\n\n\n\n<figure class=\"wp-block-audio\"><audio controls src=\"http:\/\/religionen.biebertaler-bilderbogen.de\/wp-content\/uploads\/2020\/05\/Hallo-hallo-sch\u00f6n-dass-du-da-bist-Die-besten-Spiel-und-Bewegungslieder-__-Kinderlieder-1.mp3\"><\/audio><\/figure>\n\n\n\n<div class=\"wp-block-media-text alignwide is-stacked-on-mobile\" style=\"grid-template-columns:30% auto\"><figure class=\"wp-block-media-text__media\"><img loading=\"lazy\" decoding=\"async\" width=\"1024\" height=\"1024\" src=\"http:\/\/frankenbach.bibibo.info\/wp-content\/uploads\/2023\/10\/Piepmaetze_hintergrund-1024x1024.png\" alt=\"\" class=\"wp-image-21320 size-full\" srcset=\"http:\/\/frankenbach.bibibo.info\/wp-content\/uploads\/2023\/10\/Piepmaetze_hintergrund-1024x1024.png 1024w, http:\/\/frankenbach.bibibo.info\/wp-content\/uploads\/2023\/10\/Piepmaetze_hintergrund-300x300.png 300w, http:\/\/frankenbach.bibibo.info\/wp-content\/uploads\/2023\/10\/Piepmaetze_hintergrund-150x150.png 150w, http:\/\/frankenbach.bibibo.info\/wp-content\/uploads\/2023\/10\/Piepmaetze_hintergrund-768x768.png 768w, http:\/\/frankenbach.bibibo.info\/wp-content\/uploads\/2023\/10\/Piepmaetze_hintergrund.png 1120w\" sizes=\"auto, (max-width: 1024px) 100vw, 1024px\" \/><\/figure><div class=\"wp-block-media-text__content\">\n<p>Dieses Begr\u00fc\u00dfungslied ist jeden Donnerstag zu h\u00f6ren, wenn um 16 Uhr die Piepm\u00e4tze starten!<br>Hier treffen sich Kinder im Alter von 0-1 Jahren mit Mama, Papa, Oma, Opa, \u2026 Neben einem Spiel- und Spa\u00dfangebot f\u00fcr die Kinder gibt es nat\u00fcrlich auch leckeren Kaffee f\u00fcr die Erwachsenen.<\/p>\n<\/div><\/div>\n\n\n\n<p><strong><em>HAUSKREISE:<\/em><\/strong><br>Hauskreise sind einen riesen Chance mit anderen \u00fcber seinen Glauben ins Gespr\u00e4ch zu kommen. Hier findet man eine Gemeinschaft, in der man die Fragen, die einen bewegen zum Thema machen kann und der Glaube auf den Alltag trifft. Im privaten Rahmen gemeinsam Gott anzubeten, Jesus nachzufolgen, f\u00fcreinander und andere Menschen beten ist eine ideale Erg\u00e4nzung zum sonnt\u00e4glichen Gottesdienst.<\/p>\n\n\n\n<p><strong><em>GESPR\u00c4CHSKREIS:<\/em><\/strong><br>Wir treffen uns im Gemeindehaus in einem zweiw\u00f6chigen Rhythmus im Kaminzimmer Freitags abends um 19:30 Uhr<\/p>\n\n\n\n<p><strong><em>GBS \u2013 GEMEINDE BIBELSTUNDE:<\/em><\/strong><br><strong>Wie erfahre ich den Willen Gottes f\u00fcr mich und mein Leben?<\/strong><br>In der GBS (Gemeinde-Bibel-Stunde) treffen wir uns zum Bibelstudium. Wir wissen, dass sich Gott in der Heiligen Schrift offenbart und mitteilt. Aus diesem Grund treffen wir uns regelm\u00e4\u00dfig in unserer Gemeinde. Wir sind derzeit ca. zwanzig Personen die anhand der Bibel \u00fcber die verschiedensten Themen nachdenken.<\/p>\n\n\n\n<p><strong><em>GEBETSTREFF:<\/em><\/strong><br>Alle vierzehn Tage treffen sich Gemeindemitglieder (in den geraden Kalenderwochen) am Mittwoch um&nbsp;<strong>19:00 Uhr&nbsp;<\/strong>zum gemeinsamen Beten.<\/p>\n\n\n\n<p><strong><em>FRAUENFR\u00dcHST\u00dcCK:<\/em><\/strong><br>Zweimal im Jahr findet das Fr\u00fchst\u00fcck statt, zu dem ca. 100 Frauen kommen.<br>Neben einem guten Fr\u00fchst\u00fcck steht das H\u00f6ren auf ein Thema im Vordergrund. Dabei ist es uns wichtig, dass Frauen durch Themen die ihren Alltag betreffen angesprochen werden und gute Impulse durch die Bibel bekommen.<\/p>\n\n\n\n<p><strong><em>PFADFINDER:<\/em><\/strong><\/p>\n\n\n\n<div class=\"wp-block-media-text alignwide is-stacked-on-mobile\" style=\"grid-template-columns:30% auto\"><figure class=\"wp-block-media-text__media\"><img loading=\"lazy\" decoding=\"async\" width=\"1024\" height=\"761\" src=\"http:\/\/frankenbach.bibibo.info\/wp-content\/uploads\/2023\/10\/L1122974-Gruppenbild-Kluft-klein-1-1024x761-1.jpg\" alt=\"\" class=\"wp-image-21322 size-full\" srcset=\"http:\/\/frankenbach.bibibo.info\/wp-content\/uploads\/2023\/10\/L1122974-Gruppenbild-Kluft-klein-1-1024x761-1.jpg 1024w, http:\/\/frankenbach.bibibo.info\/wp-content\/uploads\/2023\/10\/L1122974-Gruppenbild-Kluft-klein-1-1024x761-1-300x223.jpg 300w, http:\/\/frankenbach.bibibo.info\/wp-content\/uploads\/2023\/10\/L1122974-Gruppenbild-Kluft-klein-1-1024x761-1-768x571.jpg 768w\" sizes=\"auto, (max-width: 1024px) 100vw, 1024px\" \/><\/figure><div class=\"wp-block-media-text__content\">\n<p class=\"has-normal-font-size\"><strong>Pfadfinder Frankenbach. Aufbruch ins Abenteuer<\/strong><\/p>\n\n\n\n<p class=\"has-normal-font-size\">Lagerfeuer. Gemeinschaft. Drau\u00dfensein. Spielen. Glaube. Zelten. Abenteuer. Orientierung. Sport. Erste Hilfe. Natur. Kochen. Leben.<\/p>\n<\/div><\/div>\n\n\n\n<p><strong><em>Feuerabende:<\/em><\/strong><\/p>\n\n\n\n<div class=\"wp-block-media-text has-media-on-the-right is-stacked-on-mobile\" style=\"grid-template-columns:auto 30%\"><div class=\"wp-block-media-text__content\">\n<p>In der Sommerreifenzeit von Ostern bis Oktober finden auf dem Pfadfindergel\u00e4nde der FeG Frankenbach die monatlichen Feuerabende statt, die einladen gemeinsam am Lagerfeuer in den Feierabend zu starten. Entspannen, zwanglos M\u00e4nnergespr\u00e4che f\u00fchren, ein Treffpunkt haben, an dem M\u00e4nnerfreundschaften wachsen und entstehen k\u00f6nnen. Jeder kann spontan dazu sto\u00dfen. F\u00fcr Getr\u00e4nke ist gesorgt.<\/p>\n<\/div><figure class=\"wp-block-media-text__media\"><img loading=\"lazy\" decoding=\"async\" width=\"259\" height=\"194\" src=\"http:\/\/frankenbach.bibibo.info\/wp-content\/uploads\/2023\/10\/Lagerfeuer-pxhere.jpg\" alt=\"\" class=\"wp-image-21326 size-full\"\/><\/figure><\/div>\n\n\n\n<p><strong><em>WINTER!SPIEL?PLATZ!:<\/em><\/strong><br><strong>An drei Nachmittagen im Februar wird sich unser ganzes Gemeindehaus in einen gro\u00dfen, trockenen und warmen Spielplatz verwandeln\u2026<\/strong><br>Eingeladen sind alle Kids von 0 bis 8 Jahren in Begleitung eines Erwachsenen.<\/p>\n\n\n\n<p><\/p>\n<div class=\"gsp_post_data\" \r\n\t            data-post_type=\"page\" \r\n\t            data-cat=\"\" \r\n\t            data-modified=\"120\"\r\n\t            data-created=\"1589998042\"\r\n\t            data-title=\"Sonstiges Informationen\" \r\n\t            data-home=\"http:\/\/frankenbach.bibibo.info\"><\/div>","protected":false},"excerpt":{"rendered":"<p>Ausf\u00fchrliche Informationen zu den Angeboten der FeG-Frankenbach findet man unter https:\/\/www.feg-frankenbach.de\/ Gottesdienste:Jeden Sonntag treffen wir uns um 10.00Uhr um Gemeinschaft zu haben, Gott zu loben und auf sein Wort zu h\u00f6ren. Predigt, Lobpreis und Gebet sind zentrale Elemente, die sich jede Woche wiederfinden. Jedoch gibt es auch hier immer mal wieder Besonderheiten, die unsere Gemeinde [&hellip;]<\/p>\n","protected":false},"author":1,"featured_media":0,"parent":0,"menu_order":0,"comment_status":"closed","ping_status":"closed","template":"","meta":{"footnotes":""},"class_list":["post-13929","page","type-page","status-publish","hentry"],"_links":{"self":[{"href":"http:\/\/frankenbach.bibibo.info\/index.php?rest_route=\/wp\/v2\/pages\/13929","targetHints":{"allow":["GET"]}}],"collection":[{"href":"http:\/\/frankenbach.bibibo.info\/index.php?rest_route=\/wp\/v2\/pages"}],"about":[{"href":"http:\/\/frankenbach.bibibo.info\/index.php?rest_route=\/wp\/v2\/types\/page"}],"author":[{"embeddable":true,"href":"http:\/\/frankenbach.bibibo.info\/index.php?rest_route=\/wp\/v2\/users\/1"}],"replies":[{"embeddable":true,"href":"http:\/\/frankenbach.bibibo.info\/index.php?rest_route=%2Fwp%2Fv2%2Fcomments&post=13929"}],"version-history":[{"count":0,"href":"http:\/\/frankenbach.bibibo.info\/index.php?rest_route=\/wp\/v2\/pages\/13929\/revisions"}],"wp:attachment":[{"href":"http:\/\/frankenbach.bibibo.info\/index.php?rest_route=%2Fwp%2Fv2%2Fmedia&parent=13929"}],"curies":[{"name":"wp","href":"https:\/\/api.w.org\/{rel}","templated":true}]}}