{"id":144,"date":"2020-01-27T17:39:43","date_gmt":"2020-01-27T17:39:43","guid":{"rendered":"http:\/\/frankenbach.bibibo.info\/?page_id=144"},"modified":"2026-01-04T11:47:51","modified_gmt":"2026-01-04T10:47:51","slug":"oeffentlicher-nahverkehr","status":"publish","type":"page","link":"http:\/\/frankenbach.bibibo.info\/?page_id=144","title":{"rendered":"\u00d6ffentlicher Nahverkehr"},"content":{"rendered":"\n<p>Im Gegensatz zu anderen l\u00e4ndlichen Gebieten, gibt es in Frankenbach einen guten \u00f6ffentlichen Nahverkehr. St\u00fcndlich f\u00e4hrt ein Bus in die Universit\u00e4tsstadt Gie\u00dfen (<strong>Linie GI-42<\/strong>). Selbst an Sonn- und Feiertagen f\u00e4hrt ein Bus (<strong>Linie GI-41<\/strong>). Um nach Wetzlar zu kommen ist ein Umstieg in die <strong>Linie 415<\/strong> in Erda notwendig. <strong><mark style=\"background-color:rgba(0, 0, 0, 0)\" class=\"has-inline-color has-vivid-red-color\">Achtung:<\/mark><\/strong> An Sonn- und Feiertagen f\u00e4hrt die Linie GI-41 <strong><mark style=\"background-color:rgba(0, 0, 0, 0)\" class=\"has-inline-color has-vivid-red-color\">nur bis<\/mark><\/strong> Frankenbach und <mark style=\"background-color:rgba(0, 0, 0, 0)\" class=\"has-inline-color has-vivid-red-color\"><strong>nicht<\/strong><\/mark> bis Erda. Mit der Linie <strong>GI-44<\/strong> kann man nach Wettenberg kommen. Alternativ nach Gie\u00dfen und dort Umstieg in die 801 (Launsbach und Wi\u00dfmar) oder die Linie 802 (Krofdorf) an Haltstelle Sch\u00fctzenstra\u00dfe umsteigen. Die Linie <strong>GI-44<\/strong> f\u00e4hrt zu 99% nur an Schultagen! Ganz neu ist die Line <strong>X40<\/strong> (Gie\u00dfen &#8211; Gladenbach &#8211; Dautphetal &#8211; Biedenkopf). Hier kann man von Gie\u00dfen bis auf die Sackpfeife mit dem Bus fahren &#8211; aber <strong><mark style=\"background-color:rgba(0, 0, 0, 0)\" class=\"has-inline-color has-vivid-red-color\">Achtung:<\/mark><\/strong> <strong>Zustieg auf der Linie in Biebertal nur in Krumbach an der Haltestelle Marburger Stra\u00dfe m\u00f6glich<\/strong>. W\u00e4hrend die Linie Gi-43 fast eine reine Schulbuslinie ist, gibt es noch die Linie <strong>MR-34<\/strong>. Dazu muss man allerdings in Fellingshausen am Friedhof umsteigen &#8211; sprich von Frankenbach bis zur Kirche fahren und dann zum Friedhof laufen. Von Gie\u00dfen kommend sollte der Busfahrer informiert werden bez\u00fcglich Umstieg oder direkt einen Aufenthalt in Fellingshausen einplanen, da die Busse aus Gie\u00dfen meist Versp\u00e4tung haben und somit teilweise die Haltestellte nicht rechtzeitig erreichen. <\/p>\n\n\n\n<h4 class=\"wp-block-heading\"><strong>Fahrplan Linie Gi-42 nach Gie\u00dfen und zur\u00fcck.<\/strong><\/h4>\n\n\n<a href=\"http:\/\/frankenbach.bibibo.info\/wp-content\/uploads\/2026\/01\/VGO_GI-42_ab_2025-12-14_Bau.pdf\" class=\"pdfemb-viewer\" style=\"\" data-width=\"max\" data-height=\"max\" data-toolbar=\"bottom\" data-toolbar-fixed=\"off\">VGO_GI-42_ab_2025-12-14_Bau<\/a>\n\n\n<h4 class=\"wp-block-heading\"><strong>Fahrplan Linie Gi-41 nach Gie\u00dfen und zur\u00fcck an Sonn- &amp; Feiertagen<\/strong><\/h4>\n\n\n<a href=\"http:\/\/frankenbach.bibibo.info\/wp-content\/uploads\/2026\/01\/VGO_GI-41_ab_2025-12-14.pdf\" class=\"pdfemb-viewer\" style=\"\" data-width=\"max\" data-height=\"max\" data-toolbar=\"bottom\" data-toolbar-fixed=\"off\">VGO_GI-41_ab_2025-12-14<\/a>\n\n\n<h4 class=\"wp-block-heading\"><strong>Fahrplan Linie Gi-44 Wettenberg &#8211; Biebertal &#8211; Hohenahr<\/strong><\/h4>\n\n\n<a href=\"http:\/\/frankenbach.bibibo.info\/wp-content\/uploads\/2026\/01\/VGO_GI-44_ab_2025-12-14_Bau.pdf\" class=\"pdfemb-viewer\" style=\"\" data-width=\"max\" data-height=\"max\" data-toolbar=\"bottom\" data-toolbar-fixed=\"off\">VGO_GI-44_ab_2025-12-14_Bau<\/a>\n\n\n<h4 class=\"wp-block-heading\"><strong>Fahrplan Linie Gi-43 nach von Weipoltshausen nach Gie\u00dfen und zur\u00fcck<\/strong><\/h4>\n\n\n<a href=\"http:\/\/frankenbach.bibibo.info\/wp-content\/uploads\/2026\/01\/VGO_GI-43_ab_2025-12-14.pdf\" class=\"pdfemb-viewer\" style=\"\" data-width=\"max\" data-height=\"max\" data-toolbar=\"bottom\" data-toolbar-fixed=\"off\">VGO_GI-43_ab_2025-12-14<\/a>\n\n\n<h4 class=\"wp-block-heading\"><strong>Fahrplan Linie 415 Ballersbach &#8211; Niederweidbach\/Bellersdorf &#8211; Hohenahr &#8211; K\u00f6nigsberg &#8211; Blasbach &#8211; Wetzlar<\/strong><\/h4>\n\n\n<a href=\"http:\/\/frankenbach.bibibo.info\/wp-content\/uploads\/2026\/01\/VLDW_415_ab_14.12.2025_Baustellenfahrplan.pdf\" class=\"pdfemb-viewer\" style=\"\" data-width=\"max\" data-height=\"max\" data-toolbar=\"bottom\" data-toolbar-fixed=\"off\">VLDW_415_ab_14.12.2025_Baustellenfahrplan<\/a>\n\n\n<h4 class=\"wp-block-heading\"><strong>Fahrplan Linie X40 Gie\u00dfen &#8211; Gladenbach &#8211; Dautphetal &#8211; Biedenkopf<\/strong><\/h4>\n\n\n<a href=\"http:\/\/frankenbach.bibibo.info\/wp-content\/uploads\/2026\/01\/RMV_Linienfahrplan_X40_ab_14.12.25_bis_12.12.26.pdf\" class=\"pdfemb-viewer\" style=\"\" data-width=\"max\" data-height=\"max\" data-toolbar=\"bottom\" data-toolbar-fixed=\"off\">RMV_Linienfahrplan_X40_ab_14.12.25_bis_12.12.26<\/a>\n\n\n<h4 class=\"wp-block-heading\"><strong>Fahrplan Linie MR34 Gie\u00dfen &#8211; Gladenbach &#8211; Dautphetal &#8211; Biedenkopf<\/strong><\/h4>\n\n\n<a href=\"http:\/\/frankenbach.bibibo.info\/wp-content\/uploads\/2026\/01\/RNV_Linienfahrplan_MR_34_ab_14.12.25_bis_12.12.26.pdf\" class=\"pdfemb-viewer\" style=\"\" data-width=\"max\" data-height=\"max\" data-toolbar=\"bottom\" data-toolbar-fixed=\"off\">RNV_Linienfahrplan_MR_34_ab_14.12.25_bis_12.12.26<\/a>\n\n\n<p><\/p>\n<div class=\"gsp_post_data\" \r\n\t            data-post_type=\"page\" \r\n\t            data-cat=\"\" \r\n\t            data-modified=\"120\"\r\n\t            data-created=\"1580146783\"\r\n\t            data-title=\"\u00d6ffentlicher Nahverkehr\" \r\n\t            data-home=\"http:\/\/frankenbach.bibibo.info\"><\/div>","protected":false},"excerpt":{"rendered":"<p>Im Gegensatz zu anderen l\u00e4ndlichen Gebieten, gibt es in Frankenbach einen guten \u00f6ffentlichen Nahverkehr. St\u00fcndlich f\u00e4hrt ein Bus in die Universit\u00e4tsstadt Gie\u00dfen (Linie GI-42). Selbst an Sonn- und Feiertagen f\u00e4hrt ein Bus (Linie GI-41). Um nach Wetzlar zu kommen ist ein Umstieg in die Linie 415 in Erda notwendig. Achtung: An Sonn- und Feiertagen f\u00e4hrt [&hellip;]<\/p>\n","protected":false},"author":2,"featured_media":0,"parent":142,"menu_order":0,"comment_status":"closed","ping_status":"open","template":"","meta":{"footnotes":""},"class_list":["post-144","page","type-page","status-publish","hentry"],"_links":{"self":[{"href":"http:\/\/frankenbach.bibibo.info\/index.php?rest_route=\/wp\/v2\/pages\/144","targetHints":{"allow":["GET"]}}],"collection":[{"href":"http:\/\/frankenbach.bibibo.info\/index.php?rest_route=\/wp\/v2\/pages"}],"about":[{"href":"http:\/\/frankenbach.bibibo.info\/index.php?rest_route=\/wp\/v2\/types\/page"}],"author":[{"embeddable":true,"href":"http:\/\/frankenbach.bibibo.info\/index.php?rest_route=\/wp\/v2\/users\/2"}],"replies":[{"embeddable":true,"href":"http:\/\/frankenbach.bibibo.info\/index.php?rest_route=%2Fwp%2Fv2%2Fcomments&post=144"}],"version-history":[{"count":6,"href":"http:\/\/frankenbach.bibibo.info\/index.php?rest_route=\/wp\/v2\/pages\/144\/revisions"}],"predecessor-version":[{"id":30125,"href":"http:\/\/frankenbach.bibibo.info\/index.php?rest_route=\/wp\/v2\/pages\/144\/revisions\/30125"}],"up":[{"embeddable":true,"href":"http:\/\/frankenbach.bibibo.info\/index.php?rest_route=\/wp\/v2\/pages\/142"}],"wp:attachment":[{"href":"http:\/\/frankenbach.bibibo.info\/index.php?rest_route=%2Fwp%2Fv2%2Fmedia&parent=144"}],"curies":[{"name":"wp","href":"https:\/\/api.w.org\/{rel}","templated":true}]}}