{"id":375,"date":"2020-05-27T08:34:43","date_gmt":"2020-05-27T08:34:43","guid":{"rendered":"http:\/\/frankenbach.bibibo.info\/?page_id=375"},"modified":"2021-03-21T09:47:49","modified_gmt":"2021-03-21T09:47:49","slug":"frankenbacher-gewerbetreibende","status":"publish","type":"page","link":"http:\/\/frankenbach.bibibo.info\/?page_id=375","title":{"rendered":"Gewerbetreibende"},"content":{"rendered":"\n<hr class=\"wp-block-separator is-style-wide\"\/>\n\n\n\n<h5 class=\"has-text-align-center wp-block-heading\"><strong>FINDTst\u00fccke &#8211; Handgemachte und mit Liebe ausgew\u00e4hlte Dekoartikel und Geschenkideen<\/strong><\/h5>\n\n\n\n<div class=\"wp-block-media-text alignwide is-stacked-on-mobile\"><figure class=\"wp-block-media-text__media\"><img loading=\"lazy\" decoding=\"async\" width=\"723\" height=\"1024\" src=\"http:\/\/frankenbach.bibibo.info\/wp-content\/uploads\/2020\/06\/Findtst\u00fcbchen-1-723x1024.jpg\" alt=\"\" class=\"wp-image-453 size-full\" srcset=\"http:\/\/frankenbach.bibibo.info\/wp-content\/uploads\/2020\/06\/Findtst\u00fcbchen-1-723x1024.jpg 723w, http:\/\/frankenbach.bibibo.info\/wp-content\/uploads\/2020\/06\/Findtst\u00fcbchen-1-212x300.jpg 212w, http:\/\/frankenbach.bibibo.info\/wp-content\/uploads\/2020\/06\/Findtst\u00fcbchen-1-1084x1536.jpg 1084w, http:\/\/frankenbach.bibibo.info\/wp-content\/uploads\/2020\/06\/Findtst\u00fcbchen-1-1446x2048.jpg 1446w, http:\/\/frankenbach.bibibo.info\/wp-content\/uploads\/2020\/06\/Findtst\u00fcbchen-1-scaled.jpg 1807w\" sizes=\"auto, (max-width: 723px) 100vw, 723px\" \/><\/figure><div class=\"wp-block-media-text__content\">\n<p class=\"has-normal-font-size\">FINDTst\u00fccke<br>Julia Findt<br>Waldstra\u00dfe 2<br>35444 B.-Frankeknbach<br>Mobil: 0160 \/ 4288692<br><br><\/p>\n\n\n\n<p>\u00d6ffnugszeiten:<br>Fr. 14:00 &#8211; 17:00 Uhr<br>Sa. 11:00 &#8211; 14:00 Uhr (April &#8211; Sep.)<br>Sa. 11:00 &#8211; 13:00 Uhr (Okt. &#8211; M\u00e4rz)<br>Au\u00dferhalb der \u00d6ffnungszeiten nach Absprache.<\/p>\n<\/div><\/div>\n\n\n\n<p class=\"has-small-font-size\">Foto: Julia Findt<\/p>\n\n\n\n<hr class=\"wp-block-separator is-style-wide\"\/>\n\n\n\n<h2 class=\"has-text-align-center wp-block-heading\"><strong>Ingo M\u00fchlich &#8211; Der mobile Schreinermeister<\/strong><\/h2>\n\n\n\n<div class=\"wp-block-media-text alignwide is-stacked-on-mobile\"><figure class=\"wp-block-media-text__media\"><img loading=\"lazy\" decoding=\"async\" width=\"1024\" height=\"768\" src=\"http:\/\/frankenbach.bibibo.info\/wp-content\/uploads\/2020\/06\/Ingo3.jpg\" alt=\"\" class=\"wp-image-392 size-full\" srcset=\"http:\/\/frankenbach.bibibo.info\/wp-content\/uploads\/2020\/06\/Ingo3.jpg 1024w, http:\/\/frankenbach.bibibo.info\/wp-content\/uploads\/2020\/06\/Ingo3-300x225.jpg 300w, http:\/\/frankenbach.bibibo.info\/wp-content\/uploads\/2020\/06\/Ingo3-768x576.jpg 768w\" sizes=\"auto, (max-width: 1024px) 100vw, 1024px\" \/><\/figure><div class=\"wp-block-media-text__content\">\n<p class=\"has-normal-font-size\">Schreinermeister<br>Ingo M\u00fchlich<br>Bornstra\u00dfe 6<br>35444 B.-Frankenbach<br>Tel: 06446 \/ 6306<br>Fax: 06446 \/ 8890200<br>Mobil: 0171 \/ 3185533<br><a href=\"mailto:info@ingomuehlich.de\" target=\"_blank\" rel=\"noreferrer noopener\">info@ingomuehlich.de<\/a><br><a rel=\"noreferrer noopener\" href=\"https:\/\/www.ingomuehlich.de\/\" target=\"_blank\">https:\/\/www.ingomuehlich.de\/<\/a><\/p>\n<\/div><\/div>\n\n\n\n<p class=\"has-small-font-size\">Foto: Christoph Haus<\/p>\n\n\n\n<hr class=\"wp-block-separator is-style-wide\"\/>\n\n\n\n<h2 class=\"has-text-align-center wp-block-heading\">Brennerei Pulz &#8211; Schnaps &amp; Lik\u00f6re aus Frankenbach<\/h2>\n\n\n\n<div class=\"wp-block-media-text alignwide is-stacked-on-mobile\"><figure class=\"wp-block-media-text__media\"><img loading=\"lazy\" decoding=\"async\" width=\"768\" height=\"1024\" src=\"http:\/\/frankenbach.bibibo.info\/wp-content\/uploads\/2020\/12\/Brennerei-Pulz5-768x1024.jpg\" alt=\"\" class=\"wp-image-6043 size-full\" srcset=\"http:\/\/frankenbach.bibibo.info\/wp-content\/uploads\/2020\/12\/Brennerei-Pulz5-768x1024.jpg 768w, http:\/\/frankenbach.bibibo.info\/wp-content\/uploads\/2020\/12\/Brennerei-Pulz5-225x300.jpg 225w, http:\/\/frankenbach.bibibo.info\/wp-content\/uploads\/2020\/12\/Brennerei-Pulz5-1152x1536.jpg 1152w, http:\/\/frankenbach.bibibo.info\/wp-content\/uploads\/2020\/12\/Brennerei-Pulz5-1536x2048.jpg 1536w, http:\/\/frankenbach.bibibo.info\/wp-content\/uploads\/2020\/12\/Brennerei-Pulz5-scaled.jpg 1920w\" sizes=\"auto, (max-width: 768px) 100vw, 768px\" \/><\/figure><div class=\"wp-block-media-text__content\">\n<p class=\"has-normal-font-size\">Brennerei Pulz<br>Erdaerstra\u00dfe 12<br>35444 B.-Frankenbach<br>Tel. 06446 \/ 2787<br><a rel=\"noreferrer noopener\" href=\"mailto:info@brennerei-pulz.de\" target=\"_blank\">info@brennerei-pulz.de<\/a><br><a href=\"https:\/\/brennerei-pulz.de\/\" target=\"_blank\" rel=\"noreferrer noopener\">https:\/\/brennerei-pulz.de\/<\/a><\/p>\n\n\n\n<p>\u00d6ffnugszeiten:<br>Adventsamstage <br>09:00 &#8211; 13:00 Uhr<br>Au\u00dferhalb der \u00d6ffnungszeiten nach Absprache.<\/p>\n\n\n\n<p>Eingang auf dem Hof hinten rechts.<\/p>\n<\/div><\/div>\n\n\n\n<p class=\"has-small-font-size\">Foto: Christoph Haus<\/p>\n\n\n\n<hr class=\"wp-block-separator is-style-wide\"\/>\n\n\n\n<h2 class=\"has-text-align-center wp-block-heading\">Schafz\u00fcchter &amp; Produktvermarkter H. Wagner<\/h2>\n\n\n\n<div class=\"wp-block-media-text alignwide is-stacked-on-mobile\"><figure class=\"wp-block-media-text__media\"><img loading=\"lazy\" decoding=\"async\" width=\"1024\" height=\"768\" src=\"http:\/\/frankenbach.bibibo.info\/wp-content\/uploads\/2021\/03\/Schafe-Henrik2-1024x768.jpg\" alt=\"\" class=\"wp-image-8057 size-full\" srcset=\"http:\/\/frankenbach.bibibo.info\/wp-content\/uploads\/2021\/03\/Schafe-Henrik2-1024x768.jpg 1024w, http:\/\/frankenbach.bibibo.info\/wp-content\/uploads\/2021\/03\/Schafe-Henrik2-300x225.jpg 300w, http:\/\/frankenbach.bibibo.info\/wp-content\/uploads\/2021\/03\/Schafe-Henrik2-768x576.jpg 768w, http:\/\/frankenbach.bibibo.info\/wp-content\/uploads\/2021\/03\/Schafe-Henrik2-1536x1152.jpg 1536w, http:\/\/frankenbach.bibibo.info\/wp-content\/uploads\/2021\/03\/Schafe-Henrik2-2048x1536.jpg 2048w\" sizes=\"auto, (max-width: 1024px) 100vw, 1024px\" \/><\/figure><div class=\"wp-block-media-text__content\">\n<p class=\"has-normal-font-size\">Henrik Wagner<br>Lindenweg 16<br>35444 B.-Frankenbach<br>Mobil: 0171 \/ 1470592<br><\/p>\n\n\n\n<p>Keine feste \u00d6ffnungszeiten. Termine nach Vereinbarung. <\/p>\n<\/div><\/div>\n\n\n\n<p class=\"has-small-font-size\">Foto: Christoph Haus<\/p>\n\n\n\n<hr class=\"wp-block-separator is-style-wide\"\/>\n\n\n\n<p><\/p>\n<div class=\"gsp_post_data\" \r\n\t            data-post_type=\"page\" \r\n\t            data-cat=\"\" \r\n\t            data-modified=\"120\"\r\n\t            data-created=\"1590568483\"\r\n\t            data-title=\"Gewerbetreibende\" \r\n\t            data-home=\"http:\/\/frankenbach.bibibo.info\"><\/div>","protected":false},"excerpt":{"rendered":"<p>FINDTst\u00fccke &#8211; Handgemachte und mit Liebe ausgew\u00e4hlte Dekoartikel und Geschenkideen FINDTst\u00fcckeJulia FindtWaldstra\u00dfe 235444 B.-FrankeknbachMobil: 0160 \/ 4288692 \u00d6ffnugszeiten:Fr. 14:00 &#8211; 17:00 UhrSa. 11:00 &#8211; 14:00 Uhr (April &#8211; Sep.)Sa. 11:00 &#8211; 13:00 Uhr (Okt. &#8211; M\u00e4rz)Au\u00dferhalb der \u00d6ffnungszeiten nach Absprache. Foto: Julia Findt Ingo M\u00fchlich &#8211; Der mobile Schreinermeister SchreinermeisterIngo M\u00fchlichBornstra\u00dfe 635444 B.-FrankenbachTel: 06446 \/ [&hellip;]<\/p>\n","protected":false},"author":2,"featured_media":0,"parent":0,"menu_order":0,"comment_status":"closed","ping_status":"closed","template":"","meta":{"footnotes":""},"class_list":["post-375","page","type-page","status-publish","hentry"],"_links":{"self":[{"href":"http:\/\/frankenbach.bibibo.info\/index.php?rest_route=\/wp\/v2\/pages\/375","targetHints":{"allow":["GET"]}}],"collection":[{"href":"http:\/\/frankenbach.bibibo.info\/index.php?rest_route=\/wp\/v2\/pages"}],"about":[{"href":"http:\/\/frankenbach.bibibo.info\/index.php?rest_route=\/wp\/v2\/types\/page"}],"author":[{"embeddable":true,"href":"http:\/\/frankenbach.bibibo.info\/index.php?rest_route=\/wp\/v2\/users\/2"}],"replies":[{"embeddable":true,"href":"http:\/\/frankenbach.bibibo.info\/index.php?rest_route=%2Fwp%2Fv2%2Fcomments&post=375"}],"version-history":[{"count":0,"href":"http:\/\/frankenbach.bibibo.info\/index.php?rest_route=\/wp\/v2\/pages\/375\/revisions"}],"wp:attachment":[{"href":"http:\/\/frankenbach.bibibo.info\/index.php?rest_route=%2Fwp%2Fv2%2Fmedia&parent=375"}],"curies":[{"name":"wp","href":"https:\/\/api.w.org\/{rel}","templated":true}]}}