{"id":133,"date":"2020-01-27T17:13:12","date_gmt":"2020-01-27T17:13:12","guid":{"rendered":"http:\/\/frankenbach.bibibo.info\/?page_id=133"},"modified":"2020-02-03T16:28:39","modified_gmt":"2020-02-03T16:28:39","slug":"frankenbacher-geschichte","status":"publish","type":"page","link":"https:\/\/frankenbach.bibibo.info\/?page_id=133","title":{"rendered":"Frankenbacher Geschichte"},"content":{"rendered":"\n<p> Kurze Geschichte von Frankenbach Text von Ekkehart L\u00f6w<\/p>\n\n\n\n<p>Nordwestlich vom D\u00fcnsberg zwischen Nickenberg, Wilsberg und Isselscheid liegt Frankenbach an einem der Quellb\u00e4che derVers. Frankenbach wurde urkundlich 1285 erstmals erw\u00e4hnt, war aber vermutlich bereits in karolingischer Zeit um 8oo als fr\u00e4nkische Ansiedlung entstanden. <\/p>\n\n\n\n<p> Viele Jahrhunderte in Adelsbesitz<\/p>\n\n\n\n<p>Urspr\u00fcnglich geh\u00f6rte Frankenbach wohl zum Besitz der Grafen von Gleiberg. Nach dem Aussterben des Grafengeschlechts (1168) ging es offensichtlich in den Besitz der Grafen von Solms \u00fcber. Graf Dietrich von Solms verkaufte Frankenbach 1358 f\u00fcr 2o1o Gulden an den Landgrafen Heinrich II. von Hessen.Bis zum Schmalkaldischen Krieg 1546\/47 verblieb es dann bei Hessen,1548 ging es wieder in den Besitz des Solmser Grafenhauses \u00fcber. Wenige Jahre sp\u00e4ter kam es jedoch wieder an Hessen-Darmstadt. Nach einer kurzen Periode im Drei\u00dfigj\u00e4hrigen Krieg, in der Frankenbach zu Marburg geh\u00f6rte, kam es ab 1629 wieder zu Hessen- Darmstadt. <\/p>\n\n\n\n<p> W\u00e4hrend des Drei\u00dfigj\u00e4hrigen Krieges (1618 \u2013 1648), im Siebenj\u00e4hrigen Krieg (1756 \u2013 1763), in den Revolutionskriegen (1792 \u2013 1802) sowie in den Befreiungskriegen (1813 \u2013 1815) wurde Frankenbach stark in Mitleidenschaft gezogen. Zu Beginn des 19. Jahrhunderts war das Gro\u00dfherzogtum Hessen in \u00c4mter unterteilt. <\/p>\n\n\n\n<p>Wechselnde Verwaltungs- und Zugeh\u00f6rigkeit<\/p>\n\n\n\n<p>Seit 200 Jahren geh\u00f6rte Frankenbach zum Amt K\u00f6nigsberg. Ab 1821, nach Aufl\u00f6sung der \u00c4mter, wurde es dem Landratsbezirk Gie\u00dfen zugeteilt. Damals hatte es laut der 183o in Darmstadt ver\u00f6ffentlichten Statistik des gro\u00dfherzoglichen Geometers Wagner 63 H\u00e4user und 33o Einwohner, die alle evangelisch waren. Da das Gro\u00dfherzogtum Hessen-Darmstadt nach dem Bruderkrieg 1866 auf Seiten der Verlierer stand, nahm Preu\u00dfen einige ehemals hessisch-darmst\u00e4dtische Gebietsteile in Besitz.Frankenbach wurde auf diese Weise im preu\u00dfischen Kreis Biedenkopf eingegliedert. Nach der Aufl\u00f6sung des Kreises Biedenkopf 1932 kam Frankenbach dann zum Landkreis Wetzlar. Seit 1979 geh\u00f6rt es als Ortsteil der Gro\u00dfgemeinde Biebertal zum Landkreis Gie\u00dfen&#8220;. <\/p>\n\n\n\n<p><\/p>\n<div class=\"gsp_post_data\" \r\n\t            data-post_type=\"page\" \r\n\t            data-cat=\"\" \r\n\t            data-modified=\"120\"\r\n\t            data-created=\"1580145192\"\r\n\t            data-title=\"Frankenbacher Geschichte\" \r\n\t            data-home=\"https:\/\/frankenbach.bibibo.info\"><\/div>","protected":false},"excerpt":{"rendered":"<p>Kurze Geschichte von Frankenbach Text von Ekkehart L\u00f6w Nordwestlich vom D\u00fcnsberg zwischen Nickenberg, Wilsberg und Isselscheid liegt Frankenbach an einem der Quellb\u00e4che derVers. Frankenbach wurde urkundlich 1285 erstmals erw\u00e4hnt, war aber vermutlich bereits in karolingischer Zeit um 8oo als fr\u00e4nkische Ansiedlung entstanden. Viele Jahrhunderte in Adelsbesitz Urspr\u00fcnglich geh\u00f6rte Frankenbach wohl zum Besitz der Grafen von [&hellip;]<\/p>\n","protected":false},"author":2,"featured_media":0,"parent":136,"menu_order":0,"comment_status":"closed","ping_status":"open","template":"","meta":{"footnotes":""},"class_list":["post-133","page","type-page","status-publish","hentry"],"_links":{"self":[{"href":"https:\/\/frankenbach.bibibo.info\/index.php?rest_route=\/wp\/v2\/pages\/133","targetHints":{"allow":["GET"]}}],"collection":[{"href":"https:\/\/frankenbach.bibibo.info\/index.php?rest_route=\/wp\/v2\/pages"}],"about":[{"href":"https:\/\/frankenbach.bibibo.info\/index.php?rest_route=\/wp\/v2\/types\/page"}],"author":[{"embeddable":true,"href":"https:\/\/frankenbach.bibibo.info\/index.php?rest_route=\/wp\/v2\/users\/2"}],"replies":[{"embeddable":true,"href":"https:\/\/frankenbach.bibibo.info\/index.php?rest_route=%2Fwp%2Fv2%2Fcomments&post=133"}],"version-history":[{"count":0,"href":"https:\/\/frankenbach.bibibo.info\/index.php?rest_route=\/wp\/v2\/pages\/133\/revisions"}],"up":[{"embeddable":true,"href":"https:\/\/frankenbach.bibibo.info\/index.php?rest_route=\/wp\/v2\/pages\/136"}],"wp:attachment":[{"href":"https:\/\/frankenbach.bibibo.info\/index.php?rest_route=%2Fwp%2Fv2%2Fmedia&parent=133"}],"curies":[{"name":"wp","href":"https:\/\/api.w.org\/{rel}","templated":true}]}}