{"id":22195,"date":"2024-01-03T19:02:06","date_gmt":"2024-01-03T18:02:06","guid":{"rendered":"http:\/\/frankenbach.bibibo.info\/?page_id=22195"},"modified":"2024-01-03T19:02:07","modified_gmt":"2024-01-03T18:02:07","slug":"uebersicht-beitraege-2023","status":"publish","type":"page","link":"https:\/\/frankenbach.bibibo.info\/?page_id=22195","title":{"rendered":"\u00dcbersicht Beitr\u00e4ge 2023"},"content":{"rendered":"<div class=\"wp-block-image\">\n<figure class=\"aligncenter size-large is-resized\"><img loading=\"lazy\" decoding=\"async\" width=\"1024\" height=\"768\" src=\"http:\/\/frankenbach.bibibo.info\/wp-content\/uploads\/2024\/01\/2023-pexels-1024x768.jpeg\" alt=\"\" class=\"wp-image-22196\" style=\"width:487px;height:auto\" srcset=\"https:\/\/frankenbach.bibibo.info\/wp-content\/uploads\/2024\/01\/2023-pexels-1024x768.jpeg 1024w, https:\/\/frankenbach.bibibo.info\/wp-content\/uploads\/2024\/01\/2023-pexels-300x225.jpeg 300w, https:\/\/frankenbach.bibibo.info\/wp-content\/uploads\/2024\/01\/2023-pexels-768x576.jpeg 768w, https:\/\/frankenbach.bibibo.info\/wp-content\/uploads\/2024\/01\/2023-pexels-1536x1152.jpeg 1536w, https:\/\/frankenbach.bibibo.info\/wp-content\/uploads\/2024\/01\/2023-pexels-2048x1536.jpeg 2048w\" sizes=\"auto, (max-width: 1024px) 100vw, 1024px\" \/><figcaption class=\"wp-element-caption\"><strong>Bildquelle: pexels.com<\/strong><\/figcaption><\/figure>\n<\/div>\n\n\n<figure class=\"wp-block-gallery has-nested-images columns-default is-cropped wp-block-gallery-1 is-layout-flex wp-block-gallery-is-layout-flex\">\n<figure class=\"wp-block-image size-large\"><img loading=\"lazy\" decoding=\"async\" width=\"297\" height=\"170\" data-id=\"18691\" src=\"http:\/\/frankenbach.bibibo.info\/wp-content\/uploads\/2023\/02\/christliches-Ostern-pxhere.jpg\" alt=\"\" class=\"wp-image-18691\"\/><figcaption class=\"wp-element-caption\"><a href=\"http:\/\/frankenbach.bibibo.info\/ostern-neu-erleben-eine-gemeinsame-aktion-fuer-mehr-hoffnung\/\" target=\"_blank\" rel=\"noreferrer noopener\">\u201eOstern neu erleben\u201c \u2013 eine gemeinsame Aktion f\u00fcr mehr Hoffnung<\/a><\/figcaption><\/figure>\n\n\n\n<figure class=\"wp-block-image size-large\"><img loading=\"lazy\" decoding=\"async\" width=\"1024\" height=\"510\" data-id=\"18687\" src=\"http:\/\/frankenbach.bibibo.info\/wp-content\/uploads\/2023\/02\/Vorstand-Nov.-2022-1024x510.jpg\" alt=\"\" class=\"wp-image-18687\" srcset=\"https:\/\/frankenbach.bibibo.info\/wp-content\/uploads\/2023\/02\/Vorstand-Nov.-2022-1024x510.jpg 1024w, https:\/\/frankenbach.bibibo.info\/wp-content\/uploads\/2023\/02\/Vorstand-Nov.-2022-300x150.jpg 300w, https:\/\/frankenbach.bibibo.info\/wp-content\/uploads\/2023\/02\/Vorstand-Nov.-2022-768x383.jpg 768w, https:\/\/frankenbach.bibibo.info\/wp-content\/uploads\/2023\/02\/Vorstand-Nov.-2022-1536x766.jpg 1536w, https:\/\/frankenbach.bibibo.info\/wp-content\/uploads\/2023\/02\/Vorstand-Nov.-2022-2048x1021.jpg 2048w\" sizes=\"auto, (max-width: 1024px) 100vw, 1024px\" \/><figcaption class=\"wp-element-caption\"><a href=\"http:\/\/frankenbach.bibibo.info\/jhv-vom-heimat-und-geschichtsverein-fkb\/\" target=\"_blank\" rel=\"noreferrer noopener\">JHV vom Heimat- und Geschichtsverein Fkb.<\/a><\/figcaption><\/figure>\n\n\n\n<figure class=\"wp-block-image size-large\"><img loading=\"lazy\" decoding=\"async\" width=\"1024\" height=\"768\" data-id=\"18855\" src=\"http:\/\/frankenbach.bibibo.info\/wp-content\/uploads\/2023\/03\/Zukunft-der-Waldbewirtschaftung-1-1024x768.jpg\" alt=\"\" class=\"wp-image-18855\" srcset=\"https:\/\/frankenbach.bibibo.info\/wp-content\/uploads\/2023\/03\/Zukunft-der-Waldbewirtschaftung-1-1024x768.jpg 1024w, https:\/\/frankenbach.bibibo.info\/wp-content\/uploads\/2023\/03\/Zukunft-der-Waldbewirtschaftung-1-300x225.jpg 300w, https:\/\/frankenbach.bibibo.info\/wp-content\/uploads\/2023\/03\/Zukunft-der-Waldbewirtschaftung-1-768x576.jpg 768w, https:\/\/frankenbach.bibibo.info\/wp-content\/uploads\/2023\/03\/Zukunft-der-Waldbewirtschaftung-1-1536x1152.jpg 1536w, https:\/\/frankenbach.bibibo.info\/wp-content\/uploads\/2023\/03\/Zukunft-der-Waldbewirtschaftung-1-2048x1536.jpg 2048w\" sizes=\"auto, (max-width: 1024px) 100vw, 1024px\" \/><figcaption class=\"wp-element-caption\"><a href=\"http:\/\/frankenbach.bibibo.info\/ein-frankenbacher-augenblick\/\" target=\"_blank\" rel=\"noreferrer noopener\">Ein Frankenbacher Augenblick<\/a><\/figcaption><\/figure>\n\n\n\n<figure class=\"wp-block-image size-large\"><img loading=\"lazy\" decoding=\"async\" width=\"1024\" height=\"768\" data-id=\"19456\" src=\"http:\/\/frankenbach.bibibo.info\/wp-content\/uploads\/2023\/05\/20230414_170220-1024x768.jpg\" alt=\"\" class=\"wp-image-19456\" srcset=\"https:\/\/frankenbach.bibibo.info\/wp-content\/uploads\/2023\/05\/20230414_170220-1024x768.jpg 1024w, https:\/\/frankenbach.bibibo.info\/wp-content\/uploads\/2023\/05\/20230414_170220-300x225.jpg 300w, https:\/\/frankenbach.bibibo.info\/wp-content\/uploads\/2023\/05\/20230414_170220-768x576.jpg 768w, https:\/\/frankenbach.bibibo.info\/wp-content\/uploads\/2023\/05\/20230414_170220-1536x1152.jpg 1536w, https:\/\/frankenbach.bibibo.info\/wp-content\/uploads\/2023\/05\/20230414_170220-2048x1536.jpg 2048w\" sizes=\"auto, (max-width: 1024px) 100vw, 1024px\" \/><figcaption class=\"wp-element-caption\"><a href=\"http:\/\/frankenbach.bibibo.info\/bauerngarten-in-frankenbach-auf-vordermann-gebracht\/\" target=\"_blank\" rel=\"noreferrer noopener\">Bauerngarten in Frankenbach auf Vordermann gebracht<\/a><\/figcaption><\/figure>\n\n\n\n<figure class=\"wp-block-image size-large\"><img loading=\"lazy\" decoding=\"async\" width=\"724\" height=\"1024\" data-id=\"22199\" src=\"http:\/\/frankenbach.bibibo.info\/wp-content\/uploads\/2024\/01\/Biebertaler-Museumstag-2023-724x1024-1.jpg\" alt=\"\" class=\"wp-image-22199\" srcset=\"https:\/\/frankenbach.bibibo.info\/wp-content\/uploads\/2024\/01\/Biebertaler-Museumstag-2023-724x1024-1.jpg 724w, https:\/\/frankenbach.bibibo.info\/wp-content\/uploads\/2024\/01\/Biebertaler-Museumstag-2023-724x1024-1-212x300.jpg 212w\" sizes=\"auto, (max-width: 724px) 100vw, 724px\" \/><figcaption class=\"wp-element-caption\"><a href=\"http:\/\/frankenbach.bibibo.info\/biebertaler-museumstag-2023\/\" target=\"_blank\" rel=\"noreferrer noopener\">Biebertaler Museumstag 2023<\/a><\/figcaption><\/figure>\n\n\n\n<figure class=\"wp-block-image size-large\"><img loading=\"lazy\" decoding=\"async\" width=\"1024\" height=\"768\" data-id=\"19921\" src=\"http:\/\/frankenbach.bibibo.info\/wp-content\/uploads\/2023\/07\/Gruppenbild-Lager-2023-1024x768.jpg\" alt=\"\" class=\"wp-image-19921\" srcset=\"https:\/\/frankenbach.bibibo.info\/wp-content\/uploads\/2023\/07\/Gruppenbild-Lager-2023-1024x768.jpg 1024w, https:\/\/frankenbach.bibibo.info\/wp-content\/uploads\/2023\/07\/Gruppenbild-Lager-2023-300x225.jpg 300w, https:\/\/frankenbach.bibibo.info\/wp-content\/uploads\/2023\/07\/Gruppenbild-Lager-2023-768x576.jpg 768w, https:\/\/frankenbach.bibibo.info\/wp-content\/uploads\/2023\/07\/Gruppenbild-Lager-2023-1536x1152.jpg 1536w, https:\/\/frankenbach.bibibo.info\/wp-content\/uploads\/2023\/07\/Gruppenbild-Lager-2023-2048x1536.jpg 2048w\" sizes=\"auto, (max-width: 1024px) 100vw, 1024px\" \/><figcaption class=\"wp-element-caption\"><a href=\"http:\/\/frankenbach.bibibo.info\/mit-den-wikingern-auf-grosser-fahrt\/\" target=\"_blank\" rel=\"noreferrer noopener\">Mit den Wikingern auf gro\u00dfer Fahrt<\/a><\/figcaption><\/figure>\n\n\n\n<figure class=\"wp-block-image size-large\"><img loading=\"lazy\" decoding=\"async\" width=\"1024\" height=\"771\" data-id=\"19931\" src=\"http:\/\/frankenbach.bibibo.info\/wp-content\/uploads\/2023\/07\/PXL_20230630_202119774-1024x771.jpg\" alt=\"\" class=\"wp-image-19931\" srcset=\"https:\/\/frankenbach.bibibo.info\/wp-content\/uploads\/2023\/07\/PXL_20230630_202119774-1024x771.jpg 1024w, https:\/\/frankenbach.bibibo.info\/wp-content\/uploads\/2023\/07\/PXL_20230630_202119774-300x226.jpg 300w, https:\/\/frankenbach.bibibo.info\/wp-content\/uploads\/2023\/07\/PXL_20230630_202119774-768x578.jpg 768w, https:\/\/frankenbach.bibibo.info\/wp-content\/uploads\/2023\/07\/PXL_20230630_202119774-1536x1157.jpg 1536w, https:\/\/frankenbach.bibibo.info\/wp-content\/uploads\/2023\/07\/PXL_20230630_202119774-2048x1542.jpg 2048w\" sizes=\"auto, (max-width: 1024px) 100vw, 1024px\" \/><figcaption class=\"wp-element-caption\"><a href=\"http:\/\/frankenbach.bibibo.info\/wuerfelturnier-open-air-2023-in-frankenbach\/\" target=\"_blank\" rel=\"noreferrer noopener\">W\u00fcrfelturnier &amp; Open Air 2023 in Frankenbach<\/a><\/figcaption><\/figure>\n\n\n\n<figure class=\"wp-block-image size-large\"><img loading=\"lazy\" decoding=\"async\" width=\"1024\" height=\"768\" data-id=\"19962\" src=\"http:\/\/frankenbach.bibibo.info\/wp-content\/uploads\/2023\/07\/1d5c462e-22c6-455f-bef6-613ff4e74c31-1024x768.jpg\" alt=\"\" class=\"wp-image-19962\" srcset=\"https:\/\/frankenbach.bibibo.info\/wp-content\/uploads\/2023\/07\/1d5c462e-22c6-455f-bef6-613ff4e74c31-1024x768.jpg 1024w, https:\/\/frankenbach.bibibo.info\/wp-content\/uploads\/2023\/07\/1d5c462e-22c6-455f-bef6-613ff4e74c31-300x225.jpg 300w, https:\/\/frankenbach.bibibo.info\/wp-content\/uploads\/2023\/07\/1d5c462e-22c6-455f-bef6-613ff4e74c31-768x576.jpg 768w, https:\/\/frankenbach.bibibo.info\/wp-content\/uploads\/2023\/07\/1d5c462e-22c6-455f-bef6-613ff4e74c31-1536x1152.jpg 1536w, https:\/\/frankenbach.bibibo.info\/wp-content\/uploads\/2023\/07\/1d5c462e-22c6-455f-bef6-613ff4e74c31.jpg 2040w\" sizes=\"auto, (max-width: 1024px) 100vw, 1024px\" \/><figcaption class=\"wp-element-caption\"><a href=\"http:\/\/frankenbach.bibibo.info\/alte-herren-frankenbach-vetzberg-on-tour\/\" target=\"_blank\" rel=\"noreferrer noopener\">Alte Herren Frankenbach\/Vetzberg on Tour<\/a><\/figcaption><\/figure>\n\n\n\n<figure class=\"wp-block-image size-large\"><img loading=\"lazy\" decoding=\"async\" width=\"1024\" height=\"771\" data-id=\"19974\" src=\"http:\/\/frankenbach.bibibo.info\/wp-content\/uploads\/2023\/09\/PXL_20230819_143754926-1024x771.jpg\" alt=\"\" class=\"wp-image-19974\" srcset=\"https:\/\/frankenbach.bibibo.info\/wp-content\/uploads\/2023\/09\/PXL_20230819_143754926-1024x771.jpg 1024w, https:\/\/frankenbach.bibibo.info\/wp-content\/uploads\/2023\/09\/PXL_20230819_143754926-300x226.jpg 300w, https:\/\/frankenbach.bibibo.info\/wp-content\/uploads\/2023\/09\/PXL_20230819_143754926-768x578.jpg 768w, https:\/\/frankenbach.bibibo.info\/wp-content\/uploads\/2023\/09\/PXL_20230819_143754926-1536x1157.jpg 1536w, https:\/\/frankenbach.bibibo.info\/wp-content\/uploads\/2023\/09\/PXL_20230819_143754926-2048x1542.jpg 2048w\" sizes=\"auto, (max-width: 1024px) 100vw, 1024px\" \/><figcaption class=\"wp-element-caption\"><a href=\"http:\/\/frankenbach.bibibo.info\/brunnenfest-2023\/\" target=\"_blank\" rel=\"noreferrer noopener\">Brunnenfest 2023<\/a><\/figcaption><\/figure>\n\n\n\n<figure class=\"wp-block-image size-large\"><img loading=\"lazy\" decoding=\"async\" width=\"1024\" height=\"768\" data-id=\"21263\" src=\"http:\/\/frankenbach.bibibo.info\/wp-content\/uploads\/2023\/09\/L1188393-1024x768.jpg\" alt=\"\" class=\"wp-image-21263\" srcset=\"https:\/\/frankenbach.bibibo.info\/wp-content\/uploads\/2023\/09\/L1188393-1024x768.jpg 1024w, https:\/\/frankenbach.bibibo.info\/wp-content\/uploads\/2023\/09\/L1188393-300x225.jpg 300w, https:\/\/frankenbach.bibibo.info\/wp-content\/uploads\/2023\/09\/L1188393-768x576.jpg 768w, https:\/\/frankenbach.bibibo.info\/wp-content\/uploads\/2023\/09\/L1188393-1536x1152.jpg 1536w, https:\/\/frankenbach.bibibo.info\/wp-content\/uploads\/2023\/09\/L1188393-2048x1536.jpg 2048w\" sizes=\"auto, (max-width: 1024px) 100vw, 1024px\" \/><figcaption class=\"wp-element-caption\"><a href=\"http:\/\/frankenbach.bibibo.info\/grosser-spass-fuer-kinder\/\" target=\"_blank\" rel=\"noreferrer noopener\">Gro\u00dfer Spa\u00df f\u00fcr Kinder!<\/a><\/figcaption><\/figure>\n\n\n\n<figure class=\"wp-block-image size-large\"><img loading=\"lazy\" decoding=\"async\" width=\"1024\" height=\"135\" data-id=\"21269\" src=\"http:\/\/frankenbach.bibibo.info\/wp-content\/uploads\/2023\/10\/PXL_20230924_092023597-PhotoRoom-1024x135.jpg\" alt=\"\" class=\"wp-image-21269\" srcset=\"https:\/\/frankenbach.bibibo.info\/wp-content\/uploads\/2023\/10\/PXL_20230924_092023597-PhotoRoom-1024x135.jpg 1024w, https:\/\/frankenbach.bibibo.info\/wp-content\/uploads\/2023\/10\/PXL_20230924_092023597-PhotoRoom-300x40.jpg 300w, https:\/\/frankenbach.bibibo.info\/wp-content\/uploads\/2023\/10\/PXL_20230924_092023597-PhotoRoom-768x102.jpg 768w, https:\/\/frankenbach.bibibo.info\/wp-content\/uploads\/2023\/10\/PXL_20230924_092023597-PhotoRoom-1536x203.jpg 1536w, https:\/\/frankenbach.bibibo.info\/wp-content\/uploads\/2023\/10\/PXL_20230924_092023597-PhotoRoom.jpg 1634w\" sizes=\"auto, (max-width: 1024px) 100vw, 1024px\" \/><figcaption class=\"wp-element-caption\"><a href=\"http:\/\/frankenbach.bibibo.info\/ffw-frankenbach-feiert-90-jaehriges-jubilaeum\/\" target=\"_blank\" rel=\"noreferrer noopener\">FFW Frankenbach feiert 90 j\u00e4hriges Jubil\u00e4um<\/a><\/figcaption><\/figure>\n\n\n\n<figure class=\"wp-block-image size-large\"><img loading=\"lazy\" decoding=\"async\" width=\"1024\" height=\"771\" data-id=\"21294\" src=\"http:\/\/frankenbach.bibibo.info\/wp-content\/uploads\/2023\/10\/PXL_20231003_143441093-1024x771.jpg\" alt=\"\" class=\"wp-image-21294\" srcset=\"https:\/\/frankenbach.bibibo.info\/wp-content\/uploads\/2023\/10\/PXL_20231003_143441093-1024x771.jpg 1024w, https:\/\/frankenbach.bibibo.info\/wp-content\/uploads\/2023\/10\/PXL_20231003_143441093-300x226.jpg 300w, https:\/\/frankenbach.bibibo.info\/wp-content\/uploads\/2023\/10\/PXL_20231003_143441093-768x578.jpg 768w, https:\/\/frankenbach.bibibo.info\/wp-content\/uploads\/2023\/10\/PXL_20231003_143441093-1536x1157.jpg 1536w, https:\/\/frankenbach.bibibo.info\/wp-content\/uploads\/2023\/10\/PXL_20231003_143441093-2048x1542.jpg 2048w\" sizes=\"auto, (max-width: 1024px) 100vw, 1024px\" \/><figcaption class=\"wp-element-caption\"><a href=\"http:\/\/frankenbach.bibibo.info\/backhaustreff-2023\/\" target=\"_blank\" rel=\"noreferrer noopener\">Backhaustreff 2023<\/a><\/figcaption><\/figure>\n\n\n\n<figure class=\"wp-block-image size-large\"><img loading=\"lazy\" decoding=\"async\" width=\"1024\" height=\"771\" data-id=\"21345\" src=\"http:\/\/frankenbach.bibibo.info\/wp-content\/uploads\/2023\/11\/PXL_20231110_164223580-1024x771.jpg\" alt=\"\" class=\"wp-image-21345\" srcset=\"https:\/\/frankenbach.bibibo.info\/wp-content\/uploads\/2023\/11\/PXL_20231110_164223580-1024x771.jpg 1024w, https:\/\/frankenbach.bibibo.info\/wp-content\/uploads\/2023\/11\/PXL_20231110_164223580-300x226.jpg 300w, https:\/\/frankenbach.bibibo.info\/wp-content\/uploads\/2023\/11\/PXL_20231110_164223580-768x578.jpg 768w, https:\/\/frankenbach.bibibo.info\/wp-content\/uploads\/2023\/11\/PXL_20231110_164223580-1536x1157.jpg 1536w, https:\/\/frankenbach.bibibo.info\/wp-content\/uploads\/2023\/11\/PXL_20231110_164223580-2048x1542.jpg 2048w\" sizes=\"auto, (max-width: 1024px) 100vw, 1024px\" \/><figcaption class=\"wp-element-caption\"><a href=\"http:\/\/frankenbach.bibibo.info\/laengster-martinszug-in-biebertal\/\" target=\"_blank\" rel=\"noreferrer noopener\">L\u00e4ngster Martinszug in Biebertal?<\/a><\/figcaption><\/figure>\n\n\n\n<figure class=\"wp-block-image size-large\"><img loading=\"lazy\" decoding=\"async\" width=\"1024\" height=\"771\" data-id=\"21380\" src=\"http:\/\/frankenbach.bibibo.info\/wp-content\/uploads\/2023\/11\/Siegerfoto-1024x771.jpg\" alt=\"\" class=\"wp-image-21380\" srcset=\"https:\/\/frankenbach.bibibo.info\/wp-content\/uploads\/2023\/11\/Siegerfoto-1024x771.jpg 1024w, https:\/\/frankenbach.bibibo.info\/wp-content\/uploads\/2023\/11\/Siegerfoto-300x226.jpg 300w, https:\/\/frankenbach.bibibo.info\/wp-content\/uploads\/2023\/11\/Siegerfoto-768x578.jpg 768w, https:\/\/frankenbach.bibibo.info\/wp-content\/uploads\/2023\/11\/Siegerfoto-1536x1157.jpg 1536w, https:\/\/frankenbach.bibibo.info\/wp-content\/uploads\/2023\/11\/Siegerfoto-2048x1542.jpg 2048w\" sizes=\"auto, (max-width: 1024px) 100vw, 1024px\" \/><figcaption class=\"wp-element-caption\"><a href=\"http:\/\/frankenbach.bibibo.info\/ein-dart-turnier-im-vereinsheim\/\" target=\"_blank\" rel=\"noreferrer noopener\">1. Frankenbacher Dart-Open<\/a><\/figcaption><\/figure>\n\n\n\n<figure class=\"wp-block-image size-large\"><img loading=\"lazy\" decoding=\"async\" width=\"724\" height=\"1024\" data-id=\"22198\" src=\"http:\/\/frankenbach.bibibo.info\/wp-content\/uploads\/2024\/01\/Termine-724x1024.png\" alt=\"\" class=\"wp-image-22198\" srcset=\"https:\/\/frankenbach.bibibo.info\/wp-content\/uploads\/2024\/01\/Termine-724x1024.png 724w, https:\/\/frankenbach.bibibo.info\/wp-content\/uploads\/2024\/01\/Termine-212x300.png 212w, https:\/\/frankenbach.bibibo.info\/wp-content\/uploads\/2024\/01\/Termine-768x1087.png 768w, https:\/\/frankenbach.bibibo.info\/wp-content\/uploads\/2024\/01\/Termine.png 812w\" sizes=\"auto, (max-width: 724px) 100vw, 724px\" \/><figcaption class=\"wp-element-caption\"><a href=\"http:\/\/frankenbach.bibibo.info\/frankenbacher-termine-2024\/\" target=\"_blank\" rel=\"noreferrer noopener\">Frankenbacher Termine 2024<\/a><\/figcaption><\/figure>\n\n\n\n<figure class=\"wp-block-image size-large\"><img loading=\"lazy\" decoding=\"async\" width=\"976\" height=\"912\" data-id=\"22186\" src=\"http:\/\/frankenbach.bibibo.info\/wp-content\/uploads\/2023\/12\/Dorothee-de-Neve-2023-12-02-132901.png\" alt=\"\" class=\"wp-image-22186\" srcset=\"https:\/\/frankenbach.bibibo.info\/wp-content\/uploads\/2023\/12\/Dorothee-de-Neve-2023-12-02-132901.png 976w, https:\/\/frankenbach.bibibo.info\/wp-content\/uploads\/2023\/12\/Dorothee-de-Neve-2023-12-02-132901-300x280.png 300w, https:\/\/frankenbach.bibibo.info\/wp-content\/uploads\/2023\/12\/Dorothee-de-Neve-2023-12-02-132901-768x718.png 768w\" sizes=\"auto, (max-width: 976px) 100vw, 976px\" \/><figcaption class=\"wp-element-caption\"><a href=\"http:\/\/frankenbach.bibibo.info\/frankenbacher-augenblick\/\" target=\"_blank\" rel=\"noreferrer noopener\">Frankenbacher Augenblick 2023<\/a><\/figcaption><\/figure>\n<\/figure>\n<div class=\"gsp_post_data\" \r\n\t            data-post_type=\"page\" \r\n\t            data-cat=\"\" \r\n\t            data-modified=\"120\"\r\n\t            data-created=\"1704308526\"\r\n\t            data-title=\"\u00dcbersicht Beitr\u00e4ge 2023\" \r\n\t            data-home=\"https:\/\/frankenbach.bibibo.info\"><\/div>","protected":false},"excerpt":{"rendered":"","protected":false},"author":2,"featured_media":0,"parent":0,"menu_order":0,"comment_status":"closed","ping_status":"closed","template":"","meta":{"footnotes":""},"class_list":["post-22195","page","type-page","status-publish","hentry"],"_links":{"self":[{"href":"https:\/\/frankenbach.bibibo.info\/index.php?rest_route=\/wp\/v2\/pages\/22195","targetHints":{"allow":["GET"]}}],"collection":[{"href":"https:\/\/frankenbach.bibibo.info\/index.php?rest_route=\/wp\/v2\/pages"}],"about":[{"href":"https:\/\/frankenbach.bibibo.info\/index.php?rest_route=\/wp\/v2\/types\/page"}],"author":[{"embeddable":true,"href":"https:\/\/frankenbach.bibibo.info\/index.php?rest_route=\/wp\/v2\/users\/2"}],"replies":[{"embeddable":true,"href":"https:\/\/frankenbach.bibibo.info\/index.php?rest_route=%2Fwp%2Fv2%2Fcomments&post=22195"}],"version-history":[{"count":0,"href":"https:\/\/frankenbach.bibibo.info\/index.php?rest_route=\/wp\/v2\/pages\/22195\/revisions"}],"wp:attachment":[{"href":"https:\/\/frankenbach.bibibo.info\/index.php?rest_route=%2Fwp%2Fv2%2Fmedia&parent=22195"}],"curies":[{"name":"wp","href":"https:\/\/api.w.org\/{rel}","templated":true}]}}