{"id":35,"date":"2020-03-18T09:28:28","date_gmt":"2020-03-18T08:28:28","guid":{"rendered":"http:\/\/religionen.biebertaler-bilderbogen.de\/?page_id=35"},"modified":"2023-10-12T11:11:21","modified_gmt":"2023-10-12T09:11:21","slug":"feg","status":"publish","type":"page","link":"https:\/\/frankenbach.bibibo.info\/?page_id=35","title":{"rendered":"Freie evangelische Gemeinde Frankenbach"},"content":{"rendered":"\n<figure class=\"wp-block-image size-full is-resized\"><img loading=\"lazy\" decoding=\"async\" src=\"http:\/\/frankenbach.bibibo.info\/wp-content\/uploads\/2020\/01\/FeG_Frankenbach_Positiv_Grau.png\" alt=\"Logo FeG Frankenbach\" class=\"wp-image-22\" style=\"width:880px;height:170px\" width=\"880\" height=\"170\" srcset=\"https:\/\/frankenbach.bibibo.info\/wp-content\/uploads\/2020\/01\/FeG_Frankenbach_Positiv_Grau.png 907w, https:\/\/frankenbach.bibibo.info\/wp-content\/uploads\/2020\/01\/FeG_Frankenbach_Positiv_Grau-300x58.png 300w, https:\/\/frankenbach.bibibo.info\/wp-content\/uploads\/2020\/01\/FeG_Frankenbach_Positiv_Grau-768x148.png 768w\" sizes=\"auto, (max-width: 880px) 100vw, 880px\" \/><figcaption class=\"wp-element-caption\"><strong>Bildrecht:<\/strong> <strong>FeG<\/strong><\/figcaption><\/figure>\n\n\n\n<div class=\"wp-block-media-text is-stacked-on-mobile\"><figure class=\"wp-block-media-text__media\"><a href=\"https:\/\/www.feg-frankenbach.de\/\" target=\"_blank\" rel=\"noreferrer noopener\"><img loading=\"lazy\" decoding=\"async\" width=\"200\" height=\"300\" src=\"http:\/\/frankenbach.bibibo.info\/wp-content\/uploads\/2023\/10\/Vach.jpg\" alt=\"\" class=\"wp-image-21313 size-full\"\/><\/a><\/figure><div class=\"wp-block-media-text__content\">\n<p>Pastor Raphael Vach<br><a rel=\"noreferrer noopener\" href=\"mailto:pastor@feg-frankenbach.de\" target=\"_blank\"><strong>pastor@feg-frankenbach.de<\/strong><\/a><br>Tel.: 06446-329<\/p>\n\n\n\n<p><\/p>\n\n\n\n<p style=\"font-size:10px\"><strong>Foto: Vach<\/strong><\/p>\n<\/div><\/div>\n\n\n\n<p>Seit November 2017 arbeite ich als Pastor in der FeG Frankenbach. Hier erhalten Sie die Chance mich ein wenig kennen zu lernen, erfahren ein wenig zu meiner Person und meinem Lebenslauf.<\/p>\n\n\n\n<p>Geboren bin ich 1981 als drittes von f\u00fcnf Kindern in Saarlouis. Die meiste Zeit meines Lebens habe ich im mittelhessischen Waldsolms-Kr\u00f6ffelbach verbracht. Nach Abitur und Zivildienst an einer \u201eSchule f\u00fcr Praktisch Bildbare\u201c in Wetzlar, habe ich drei Monate f\u00fcr Trans World Radio (TWR) in Swaziland und S\u00fcdafrika arbeiten k\u00f6nnen und durfte \u00fcber den Tellerrand schauen. An diese Zeit schloss sich das f\u00fcnfj\u00e4hrige Studium der evangelischen Theologie am Theologischen Seminar des Bundes Freier evangelischer Gemeinden in Ewersbach an. Es folgte ein Masterstudiengang an der Universit\u00e4t S\u00fcdafrika, dass ich 2010 mit dem \u201eMaster of Theology\u201c abschloss. Zudem bin ich Doktorand bei Prof. Dr. Thomas Pola an der Universit\u00e4t Dortmund. Im April 2010 trat ich meinen ersten Dienst als Jugendreferent der FeG Duisburg-Wanheimerort an, ehe mich die Gemeinde in Neukirchen-Vluyn 2011 als ihren Pastor berief.<\/p>\n\n\n\n<p>Ich bin gl\u00fccklich verheiratet mit Cornelia, einer gelernten Grundschullehrerin. Wir sind beschenkt worden mit zwei Kindern, Jeremias und Johanna, und genie\u00dfen es, gemeinsam Zeit als Familie zu haben. Wir m\u00f6gen es,&nbsp; Spazieren zu gehen, Natur zu haben, gerne einmal im Jahr Meer. Zudem interessiere ich mich sowohl f\u00fcr die kleinen Geschichten von Menschen, als auch die gro\u00dfe Weltgeschichte, L\u00e4nder und Kulturen. Ich liebe Sport mit anderen (Fu\u00df- und Volleyball, Tischtennis), Kl\u00f6nen und Diskutieren mit Freunden bis in die Nacht. Soweit in K\u00fcrze zu mir.<\/p>\n\n\n\n<p>Eine gute M\u00f6glichkeit des n\u00e4heren Kennenlernens bietet auch der Gottesdienst am Sonntag. Dort predige ich die meiste Zeit und Sie erfahren etwas, von dem was mich tr\u00e4gt und zutiefst bewegt: Es gibt einen lebendigen Gott, der sich in Jesus Christus als gro\u00dfer Liebhaber der Menschen erwiesen hat und jeden zu einer Beziehung mit ihm einl\u00e4dt. Zum Glauben an ihn mache ich Lust und Mut.<\/p>\n\n\n\n<p>Wenn Sie noch Fragen an mich haben oder Informationen \u00fcber die Freie evangelische Gemeinde w\u00fcnschen, dann nehmen Sie doch Kontakt auf:\u00a0<a rel=\"noreferrer noopener\" href=\"mailto:%20pastor@feg-frankenbach.de\" target=\"_blank\"><strong>pastor (at) feg-frankenbach.de<\/strong><\/a>\u00a0oder Tel.: 06446-329<\/p>\n\n\n\n<p>Ihr Raphael Vach<\/p>\n<div class=\"gsp_post_data\" \r\n\t            data-post_type=\"page\" \r\n\t            data-cat=\"\" \r\n\t            data-modified=\"120\"\r\n\t            data-created=\"1584523708\"\r\n\t            data-title=\"Freie evangelische Gemeinde Frankenbach\" \r\n\t            data-home=\"https:\/\/frankenbach.bibibo.info\"><\/div>","protected":false},"excerpt":{"rendered":"<p>Pastor Raphael Vachpastor@feg-frankenbach.deTel.: 06446-329 Foto: Vach Seit November 2017 arbeite ich als Pastor in der FeG Frankenbach. Hier erhalten Sie die Chance mich ein wenig kennen zu lernen, erfahren ein wenig zu meiner Person und meinem Lebenslauf. Geboren bin ich 1981 als drittes von f\u00fcnf Kindern in Saarlouis. Die meiste Zeit meines Lebens habe ich [&hellip;]<\/p>\n","protected":false},"author":1,"featured_media":0,"parent":0,"menu_order":0,"comment_status":"closed","ping_status":"closed","template":"","meta":{"footnotes":""},"class_list":["post-35","page","type-page","status-publish","hentry"],"_links":{"self":[{"href":"https:\/\/frankenbach.bibibo.info\/index.php?rest_route=\/wp\/v2\/pages\/35","targetHints":{"allow":["GET"]}}],"collection":[{"href":"https:\/\/frankenbach.bibibo.info\/index.php?rest_route=\/wp\/v2\/pages"}],"about":[{"href":"https:\/\/frankenbach.bibibo.info\/index.php?rest_route=\/wp\/v2\/types\/page"}],"author":[{"embeddable":true,"href":"https:\/\/frankenbach.bibibo.info\/index.php?rest_route=\/wp\/v2\/users\/1"}],"replies":[{"embeddable":true,"href":"https:\/\/frankenbach.bibibo.info\/index.php?rest_route=%2Fwp%2Fv2%2Fcomments&post=35"}],"version-history":[{"count":0,"href":"https:\/\/frankenbach.bibibo.info\/index.php?rest_route=\/wp\/v2\/pages\/35\/revisions"}],"wp:attachment":[{"href":"https:\/\/frankenbach.bibibo.info\/index.php?rest_route=%2Fwp%2Fv2%2Fmedia&parent=35"}],"curies":[{"name":"wp","href":"https:\/\/api.w.org\/{rel}","templated":true}]}}