{"id":8752,"date":"2021-05-14T09:04:03","date_gmt":"2021-05-14T07:04:03","guid":{"rendered":"http:\/\/frankenbach.bibibo.info\/?page_id=8752"},"modified":"2021-08-16T19:23:59","modified_gmt":"2021-08-16T17:23:59","slug":"aktueller-ortsbeirat","status":"publish","type":"page","link":"https:\/\/frankenbach.bibibo.info\/?page_id=8752","title":{"rendered":"Aktueller Ortsbeirat"},"content":{"rendered":"\n<h3 class=\"has-text-align-left wp-block-heading\">Ortsvorsteher<\/h3>\n\n\n\n<div class=\"wp-block-columns is-layout-flex wp-container-core-columns-is-layout-9d6595d7 wp-block-columns-is-layout-flex\">\n<div class=\"wp-block-column is-layout-flow wp-block-column-is-layout-flow\">\n<div class=\"wp-block-image\"><figure class=\"aligncenter size-large is-resized\"><img loading=\"lazy\" decoding=\"async\" src=\"http:\/\/frankenbach.bibibo.info\/wp-content\/uploads\/2021\/01\/rouven-500.jpg\" alt=\"\" class=\"wp-image-6482\" width=\"176\" height=\"264\" srcset=\"https:\/\/frankenbach.bibibo.info\/wp-content\/uploads\/2021\/01\/rouven-500.jpg 334w, https:\/\/frankenbach.bibibo.info\/wp-content\/uploads\/2021\/01\/rouven-500-200x300.jpg 200w\" sizes=\"auto, (max-width: 176px) 100vw, 176px\" \/><\/figure><\/div>\n<\/div>\n\n\n\n<div class=\"wp-block-column is-layout-flow wp-block-column-is-layout-flow\">\n<p class=\"has-text-align-center\"><strong>Rouven Br\u00fcck<\/strong><br><strong>Hohensolmser Weg 3<br>Tel.: 06446-6159<br>Mobil: 0173-3122245<br>eMail.: rou-brueck@t-online.de<\/strong><\/p>\n\n\n\n<p><\/p>\n<\/div>\n\n\n\n<div class=\"wp-block-column is-layout-flow wp-block-column-is-layout-flow\">\n<figure class=\"wp-block-image size-large is-resized\"><img loading=\"lazy\" decoding=\"async\" src=\"http:\/\/frankenbach.bibibo.info\/wp-content\/uploads\/2021\/05\/LogoParteilos2-1024x856.jpg\" alt=\"\" class=\"wp-image-8744\" width=\"261\" height=\"218\" srcset=\"https:\/\/frankenbach.bibibo.info\/wp-content\/uploads\/2021\/05\/LogoParteilos2-1024x856.jpg 1024w, https:\/\/frankenbach.bibibo.info\/wp-content\/uploads\/2021\/05\/LogoParteilos2-300x251.jpg 300w, https:\/\/frankenbach.bibibo.info\/wp-content\/uploads\/2021\/05\/LogoParteilos2-768x642.jpg 768w, https:\/\/frankenbach.bibibo.info\/wp-content\/uploads\/2021\/05\/LogoParteilos2-1536x1284.jpg 1536w, https:\/\/frankenbach.bibibo.info\/wp-content\/uploads\/2021\/05\/LogoParteilos2-2048x1712.jpg 2048w\" sizes=\"auto, (max-width: 261px) 100vw, 261px\" \/><\/figure>\n<\/div>\n<\/div>\n\n\n\n<h3 class=\"wp-block-heading\">stell. Ortsvorsteher<\/h3>\n\n\n\n<div class=\"wp-block-columns is-layout-flex wp-container-core-columns-is-layout-9d6595d7 wp-block-columns-is-layout-flex\">\n<div class=\"wp-block-column is-layout-flow wp-block-column-is-layout-flow\">\n<div class=\"wp-block-image\"><figure class=\"aligncenter size-large is-resized\"><img loading=\"lazy\" decoding=\"async\" src=\"http:\/\/frankenbach.bibibo.info\/wp-content\/uploads\/2021\/02\/Wolfgang-Cloos-2-500.jpg\" alt=\"\" class=\"wp-image-6556\" width=\"163\" height=\"241\" srcset=\"https:\/\/frankenbach.bibibo.info\/wp-content\/uploads\/2021\/02\/Wolfgang-Cloos-2-500.jpg 337w, https:\/\/frankenbach.bibibo.info\/wp-content\/uploads\/2021\/02\/Wolfgang-Cloos-2-500-202x300.jpg 202w\" sizes=\"auto, (max-width: 163px) 100vw, 163px\" \/><\/figure><\/div>\n<\/div>\n\n\n\n<div class=\"wp-block-column is-layout-flow wp-block-column-is-layout-flow\">\n<p class=\"has-text-align-center\"><strong>Wolfgang Cloos<\/strong><br><strong>Tel.: 06446-6199<\/strong><\/p>\n\n\n\n<p><\/p>\n<\/div>\n\n\n\n<div class=\"wp-block-column is-layout-flow wp-block-column-is-layout-flow\">\n<div class=\"wp-block-image\"><figure class=\"aligncenter size-large is-resized\"><img loading=\"lazy\" decoding=\"async\" src=\"http:\/\/frankenbach.bibibo.info\/wp-content\/uploads\/2021\/05\/LogoParteilos2-1024x856.jpg\" alt=\"\" class=\"wp-image-8744\" width=\"258\" height=\"212\"\/><\/figure><\/div>\n<\/div>\n<\/div>\n\n\n\n<h3 class=\"wp-block-heading\">Schriftf\u00fchrer<\/h3>\n\n\n\n<div class=\"wp-block-columns is-layout-flex wp-container-core-columns-is-layout-9d6595d7 wp-block-columns-is-layout-flex\">\n<div class=\"wp-block-column is-layout-flow wp-block-column-is-layout-flow\">\n<div class=\"wp-block-image\"><figure class=\"aligncenter size-full is-resized\"><img loading=\"lazy\" decoding=\"async\" src=\"http:\/\/frankenbach.bibibo.info\/wp-content\/uploads\/2021\/08\/Klaus-Ruespeler-500.jpg\" alt=\"\" class=\"wp-image-9568\" width=\"187\" height=\"226\" srcset=\"https:\/\/frankenbach.bibibo.info\/wp-content\/uploads\/2021\/08\/Klaus-Ruespeler-500.jpg 414w, https:\/\/frankenbach.bibibo.info\/wp-content\/uploads\/2021\/08\/Klaus-Ruespeler-500-248x300.jpg 248w\" sizes=\"auto, (max-width: 187px) 100vw, 187px\" \/><\/figure><\/div>\n<\/div>\n\n\n\n<div class=\"wp-block-column is-layout-flow wp-block-column-is-layout-flow\">\n<p class=\"has-text-align-center\"><strong>Klaus R\u00fcspeler<\/strong><br><strong>Tel.: 06446-2946<\/strong><br><strong>eMail: Kruespeler@web.de<\/strong><\/p>\n<\/div>\n\n\n\n<div class=\"wp-block-column is-layout-flow wp-block-column-is-layout-flow\">\n<div class=\"wp-block-image\"><figure class=\"aligncenter size-large is-resized\"><img loading=\"lazy\" decoding=\"async\" src=\"http:\/\/frankenbach.bibibo.info\/wp-content\/uploads\/2021\/05\/LogoParteilos2-1024x856.jpg\" alt=\"\" class=\"wp-image-8744\" width=\"251\" height=\"207\"\/><\/figure><\/div>\n<\/div>\n<\/div>\n\n\n\n<h2 class=\"wp-block-heading\">stell. Schriftf\u00fchrer<\/h2>\n\n\n\n<div class=\"wp-block-columns is-layout-flex wp-container-core-columns-is-layout-9d6595d7 wp-block-columns-is-layout-flex\">\n<div class=\"wp-block-column is-layout-flow wp-block-column-is-layout-flow\">\n<div class=\"wp-block-image\"><figure class=\"aligncenter size-large is-resized\"><img loading=\"lazy\" decoding=\"async\" src=\"http:\/\/frankenbach.bibibo.info\/wp-content\/uploads\/2021\/01\/Peter-Pulz-500.jpg\" alt=\"\" class=\"wp-image-6481\" width=\"217\" height=\"375\" srcset=\"https:\/\/frankenbach.bibibo.info\/wp-content\/uploads\/2021\/01\/Peter-Pulz-500.jpg 289w, https:\/\/frankenbach.bibibo.info\/wp-content\/uploads\/2021\/01\/Peter-Pulz-500-173x300.jpg 173w\" sizes=\"auto, (max-width: 217px) 100vw, 217px\" \/><\/figure><\/div>\n<\/div>\n\n\n\n<div class=\"wp-block-column is-layout-flow wp-block-column-is-layout-flow\">\n<p class=\"has-text-align-center\"><strong>Peter Pulz<\/strong><br><strong>Tel.: 06446-2787<br>Mobil: 0160-3727492<br>eMail: peter-pulz@outlook.de<\/strong><\/p>\n\n\n\n<p><\/p>\n\n\n\n<p><\/p>\n<\/div>\n\n\n\n<div class=\"wp-block-column is-layout-flow wp-block-column-is-layout-flow\">\n<figure class=\"wp-block-image size-large is-resized\"><img loading=\"lazy\" decoding=\"async\" src=\"http:\/\/frankenbach.bibibo.info\/wp-content\/uploads\/2021\/05\/LogoParteilos2-1024x856.jpg\" alt=\"\" class=\"wp-image-8744\" width=\"280\" height=\"234\" srcset=\"https:\/\/frankenbach.bibibo.info\/wp-content\/uploads\/2021\/05\/LogoParteilos2-1024x856.jpg 1024w, https:\/\/frankenbach.bibibo.info\/wp-content\/uploads\/2021\/05\/LogoParteilos2-300x251.jpg 300w, https:\/\/frankenbach.bibibo.info\/wp-content\/uploads\/2021\/05\/LogoParteilos2-768x642.jpg 768w, https:\/\/frankenbach.bibibo.info\/wp-content\/uploads\/2021\/05\/LogoParteilos2-1536x1284.jpg 1536w, https:\/\/frankenbach.bibibo.info\/wp-content\/uploads\/2021\/05\/LogoParteilos2-2048x1712.jpg 2048w\" sizes=\"auto, (max-width: 280px) 100vw, 280px\" \/><\/figure>\n<\/div>\n<\/div>\n\n\n\n<h3 class=\"wp-block-heading\">Beisitzerin<\/h3>\n\n\n\n<div class=\"wp-block-columns is-layout-flex wp-container-core-columns-is-layout-9d6595d7 wp-block-columns-is-layout-flex\">\n<div class=\"wp-block-column is-layout-flow wp-block-column-is-layout-flow\">\n<div class=\"wp-block-image\"><figure class=\"aligncenter size-large is-resized\"><img loading=\"lazy\" decoding=\"async\" src=\"http:\/\/frankenbach.bibibo.info\/wp-content\/uploads\/2021\/01\/platzhalter-dreckstueckchen.de-500.jpg\" alt=\"\" class=\"wp-image-6505\" width=\"193\" height=\"185\" srcset=\"https:\/\/frankenbach.bibibo.info\/wp-content\/uploads\/2021\/01\/platzhalter-dreckstueckchen.de-500.jpg 521w, https:\/\/frankenbach.bibibo.info\/wp-content\/uploads\/2021\/01\/platzhalter-dreckstueckchen.de-500-300x288.jpg 300w\" sizes=\"auto, (max-width: 193px) 100vw, 193px\" \/><\/figure><\/div>\n<\/div>\n\n\n\n<div class=\"wp-block-column is-layout-flow wp-block-column-is-layout-flow\">\n<p class=\"has-text-align-center\"><strong>Martina Klein<\/strong><\/p>\n\n\n\n<p><\/p>\n<\/div>\n\n\n\n<div class=\"wp-block-column is-layout-flow wp-block-column-is-layout-flow\">\n<div class=\"wp-block-image\"><figure class=\"aligncenter size-large is-resized\"><img loading=\"lazy\" decoding=\"async\" src=\"http:\/\/frankenbach.bibibo.info\/wp-content\/uploads\/2020\/08\/Logo_SPD_klein_250x125.jpg\" alt=\"\" class=\"wp-image-486\" width=\"208\" height=\"104\"\/><\/figure><\/div>\n<\/div>\n<\/div>\n\n\n\n<p class=\"has-small-font-size\"><strong>Logo Parteilos kreiert bei Anne M\u00f6ller<\/strong><\/p>\n<div class=\"gsp_post_data\" \r\n\t            data-post_type=\"page\" \r\n\t            data-cat=\"\" \r\n\t            data-modified=\"120\"\r\n\t            data-created=\"1620983043\"\r\n\t            data-title=\"Aktueller Ortsbeirat\" \r\n\t            data-home=\"https:\/\/frankenbach.bibibo.info\"><\/div>","protected":false},"excerpt":{"rendered":"<p>Ortsvorsteher Rouven Br\u00fcckHohensolmser Weg 3Tel.: 06446-6159Mobil: 0173-3122245eMail.: rou-brueck@t-online.de stell. Ortsvorsteher Wolfgang CloosTel.: 06446-6199 Schriftf\u00fchrer Klaus R\u00fcspelerTel.: 06446-2946eMail: Kruespeler@web.de stell. Schriftf\u00fchrer Peter PulzTel.: 06446-2787Mobil: 0160-3727492eMail: peter-pulz@outlook.de Beisitzerin Martina Klein Logo Parteilos kreiert bei Anne M\u00f6ller<\/p>\n","protected":false},"author":2,"featured_media":0,"parent":0,"menu_order":0,"comment_status":"closed","ping_status":"closed","template":"","meta":{"footnotes":""},"class_list":["post-8752","page","type-page","status-publish","hentry"],"_links":{"self":[{"href":"https:\/\/frankenbach.bibibo.info\/index.php?rest_route=\/wp\/v2\/pages\/8752","targetHints":{"allow":["GET"]}}],"collection":[{"href":"https:\/\/frankenbach.bibibo.info\/index.php?rest_route=\/wp\/v2\/pages"}],"about":[{"href":"https:\/\/frankenbach.bibibo.info\/index.php?rest_route=\/wp\/v2\/types\/page"}],"author":[{"embeddable":true,"href":"https:\/\/frankenbach.bibibo.info\/index.php?rest_route=\/wp\/v2\/users\/2"}],"replies":[{"embeddable":true,"href":"https:\/\/frankenbach.bibibo.info\/index.php?rest_route=%2Fwp%2Fv2%2Fcomments&post=8752"}],"version-history":[{"count":0,"href":"https:\/\/frankenbach.bibibo.info\/index.php?rest_route=\/wp\/v2\/pages\/8752\/revisions"}],"wp:attachment":[{"href":"https:\/\/frankenbach.bibibo.info\/index.php?rest_route=%2Fwp%2Fv2%2Fmedia&parent=8752"}],"curies":[{"name":"wp","href":"https:\/\/api.w.org\/{rel}","templated":true}]}}